{"id":5455,"date":"2020-02-25T11:19:01","date_gmt":"2020-02-25T10:19:01","guid":{"rendered":"http:\/\/www.newcag.be\/fr\/?page_id=5455"},"modified":"2021-12-13T10:00:43","modified_gmt":"2021-12-13T09:00:43","slug":"area-100-ksa","status":"publish","type":"page","link":"https:\/\/www.newcag.be\/fr\/area-100-ksa\/","title":{"rendered":"Area 100 KSA"},"content":{"rendered":"\n<p>Area 100 KSA&#8230; Qu&rsquo;est-ce que c&rsquo;est? <img loading=\"lazy\" decoding=\"async\" height=\"16\" width=\"16\" alt=\"&#x1f914;\" src=\"https:\/\/www.facebook.com\/images\/emoji.php\/v9\/t34\/1\/16\/1f914.png\"><\/p>\n\n\n\n<p>C&rsquo;est en juin 2018 que d\u00e9bute l&rsquo;aventure Area 100 KSA au sein d&rsquo;Air Academy New CAG avec notre Head Of Training (Laurent Mathurin) et notre Chief Theoretical Knowledge Instructor (Kevin Parizel) qui se sont rendus au premier workshop organis\u00e9 par l&rsquo;<a href=\"https:\/\/www.facebook.com\/European.Aviation.Safety.Agency\/?__cft__[0]=AZXClh5maMDjNrt83P_1s80Yhb4vM_rTBqtH1uqJ3rwMLJPz3TcTNIG9fTEVUABu_w_kYnXkzo3WbZkgf30SsGTitZG5Oe2hPsIKfK0NTGiRiX_rpY7N4lMDTl3uEfmov-26SPNYvo-WHedF_ACt4w38&amp;__tn__=kK-R\">EASA &#8211; European Union Aviation Safety Agency<\/a> \u00e0 Cologne.<\/p>\n\n\n\n<p>L&rsquo;Area 100 KSA, pour Knowledge, Skills and Attitude, est une nouvelle approche de formation incluse dans le module de la th\u00e9orie ATPL.<\/p>\n\n\n\n<p>L&rsquo;objectif principal est d\u00e9velopper les comp\u00e9tences de nos \u00e9l\u00e8ves pilotes dans les domaines des soft skills (communication, leadership, teamworking,&#8230;) pour les pr\u00e9parer non seulement aux examens th\u00e9oriques, mais aussi \u00e0 leur future carri\u00e8re professionnelle.<\/p>\n\n\n\n<p>Pour y arriver, ceux-ci sont entrain\u00e9s et \u00e9valu\u00e9s tout au long de leur formation ATPL, d\u00e8s le test d&rsquo;\u00e9valuation sur leurs connaissances g\u00e9n\u00e9rales (anglais, calcul mental), et ensuite en participant \u00e0 diff\u00e9rents workshops, jeux de r\u00f4les, pr\u00e9sentations ainsi que des entretiens individuels.<\/p>\n\n\n\n<p>Comme \u00e0 notre habitude pour offrir le meilleur \u00e0 nos \u00e9l\u00e8ves pilotes, nous avons impl\u00e9ment\u00e9 l&rsquo;Area 100 KSA dans notre formation ATPL depuis septembre 2019, bien que la r\u00e9glementation EASA l&rsquo;imposera \u00e0 partir de janvier 2022. <\/p>\n\n\n\n<p>A ce jour, pr\u00e8s de 40 \u00e9l\u00e8ves ont obtenu leur certificat 100 KSA \u00e0 l&rsquo;issue de leur formation th\u00e9orique ATPL au sein de notre ATO.<\/p>\n","protected":false},"excerpt":{"rendered":"<p>Area 100 KSA&#8230; Qu&rsquo;est-ce que c&rsquo;est? C&rsquo;est en juin 2018 que d\u00e9bute l&rsquo;aventure Area 100 KSA au sein d&rsquo;Air Academy New CAG avec notre Head Of Training (Laurent Mathurin) et notre Chief Theoretical Knowledge Instructor (Kevin Parizel) qui se sont rendus au premier workshop organis\u00e9 par l&rsquo;EASA &#8211; European Union Aviation Safety Agency \u00e0 Cologne. &hellip;<\/p>\n","protected":false},"author":4,"featured_media":0,"parent":0,"menu_order":1,"comment_status":"closed","ping_status":"closed","template":"","meta":{"footnotes":""},"class_list":["post-5455","page","type-page","status-publish","hentry"],"yoast_head":"<!-- This site is optimized with the Yoast SEO plugin v15.2 - https:\/\/yoast.com\/wordpress\/plugins\/seo\/ -->\n<meta name=\"robots\" content=\"index, follow, max-snippet:-1, max-image-preview:large, max-video-preview:-1\" \/>\n<link rel=\"canonical\" href=\"https:\/\/www.newcag.be\/fr\/area-100-ksa\/\" \/>\n<meta property=\"og:locale\" content=\"fr_FR\" \/>\n<meta property=\"og:type\" content=\"article\" \/>\n<meta property=\"og:title\" content=\"Area 100 KSA - Air Academy New CAG\" \/>\n<meta property=\"og:description\" content=\"Area 100 KSA&#8230; Qu&rsquo;est-ce que c&rsquo;est? C&rsquo;est en juin 2018 que d\u00e9bute l&rsquo;aventure Area 100 KSA au sein d&rsquo;Air Academy New CAG avec notre Head Of Training (Laurent Mathurin) et notre Chief Theoretical Knowledge Instructor (Kevin Parizel) qui se sont rendus au premier workshop organis\u00e9 par l&rsquo;EASA &#8211; European Union Aviation Safety Agency \u00e0 Cologne. &hellip;\" \/>\n<meta property=\"og:url\" content=\"https:\/\/www.newcag.be\/fr\/area-100-ksa\/\" \/>\n<meta property=\"og:site_name\" content=\"Air Academy New CAG\" \/>\n<meta property=\"article:publisher\" content=\"http:\/\/www.facebook.com\/AirAcademyNewCag\" \/>\n<meta property=\"article:modified_time\" content=\"2021-12-13T09:00:43+00:00\" \/>\n<meta property=\"og:image\" content=\"https:\/\/www.facebook.com\/images\/emoji.php\/v9\/t34\/1\/16\/1f914.png\" \/>\n<meta name=\"twitter:card\" content=\"summary\" \/>\n<meta name=\"twitter:creator\" content=\"@AA_NCAG\" \/>\n<meta name=\"twitter:site\" content=\"@AA_NCAG\" \/>\n<meta name=\"twitter:label1\" value=\"\u00c9crit par\">\n\t<meta name=\"twitter:data1\" value=\"Arnaud Libeau\">\n\t<meta name=\"twitter:label2\" value=\"Dur\u00e9e de lecture est.\">\n\t<meta name=\"twitter:data2\" value=\"1 minute\">\n<script type=\"application\/ld+json\" class=\"yoast-schema-graph\">{\"@context\":\"https:\/\/schema.org\",\"@graph\":[{\"@type\":\"Organization\",\"@id\":\"http:\/\/www.newcag.be\/fr\/#organization\",\"name\":\"Air Academy New CAG\",\"url\":\"http:\/\/www.newcag.be\/fr\/\",\"sameAs\":[\"http:\/\/www.facebook.com\/AirAcademyNewCag\",\"http:\/\/www.linkedin.com\/company\/air-academy-new-cag\",\"https:\/\/twitter.com\/AA_NCAG\"],\"logo\":{\"@type\":\"ImageObject\",\"@id\":\"http:\/\/www.newcag.be\/fr\/#logo\",\"inLanguage\":\"fr-FR\",\"url\":\"https:\/\/www.newcag.be\/wp-content\/uploads\/2018\/12\/CAG-signature.png\",\"width\":820,\"height\":230,\"caption\":\"Air Academy New CAG\"},\"image\":{\"@id\":\"http:\/\/www.newcag.be\/fr\/#logo\"}},{\"@type\":\"WebSite\",\"@id\":\"http:\/\/www.newcag.be\/fr\/#website\",\"url\":\"http:\/\/www.newcag.be\/fr\/\",\"name\":\"Air Academy New CAG\",\"description\":\"BE-ATO\/005\",\"publisher\":{\"@id\":\"http:\/\/www.newcag.be\/fr\/#organization\"},\"potentialAction\":[{\"@type\":\"SearchAction\",\"target\":\"http:\/\/www.newcag.be\/fr\/?s={search_term_string}\",\"query-input\":\"required name=search_term_string\"}],\"inLanguage\":\"fr-FR\"},{\"@type\":\"ImageObject\",\"@id\":\"https:\/\/www.newcag.be\/fr\/area-100-ksa\/#primaryimage\",\"inLanguage\":\"fr-FR\",\"url\":\"https:\/\/www.facebook.com\/images\/emoji.php\/v9\/t34\/1\/16\/1f914.png\"},{\"@type\":\"WebPage\",\"@id\":\"https:\/\/www.newcag.be\/fr\/area-100-ksa\/#webpage\",\"url\":\"https:\/\/www.newcag.be\/fr\/area-100-ksa\/\",\"name\":\"Area 100 KSA - Air Academy New CAG\",\"isPartOf\":{\"@id\":\"http:\/\/www.newcag.be\/fr\/#website\"},\"primaryImageOfPage\":{\"@id\":\"https:\/\/www.newcag.be\/fr\/area-100-ksa\/#primaryimage\"},\"datePublished\":\"2020-02-25T10:19:01+00:00\",\"dateModified\":\"2021-12-13T09:00:43+00:00\",\"inLanguage\":\"fr-FR\",\"potentialAction\":[{\"@type\":\"ReadAction\",\"target\":[\"https:\/\/www.newcag.be\/fr\/area-100-ksa\/\"]}]}]}<\/script>\n<!-- \/ Yoast SEO plugin. -->","_links":{"self":[{"href":"https:\/\/www.newcag.be\/fr\/wp-json\/wp\/v2\/pages\/5455","targetHints":{"allow":["GET"]}}],"collection":[{"href":"https:\/\/www.newcag.be\/fr\/wp-json\/wp\/v2\/pages"}],"about":[{"href":"https:\/\/www.newcag.be\/fr\/wp-json\/wp\/v2\/types\/page"}],"author":[{"embeddable":true,"href":"https:\/\/www.newcag.be\/fr\/wp-json\/wp\/v2\/users\/4"}],"replies":[{"embeddable":true,"href":"https:\/\/www.newcag.be\/fr\/wp-json\/wp\/v2\/comments?post=5455"}],"version-history":[{"count":2,"href":"https:\/\/www.newcag.be\/fr\/wp-json\/wp\/v2\/pages\/5455\/revisions"}],"predecessor-version":[{"id":5564,"href":"https:\/\/www.newcag.be\/fr\/wp-json\/wp\/v2\/pages\/5455\/revisions\/5564"}],"wp:attachment":[{"href":"https:\/\/www.newcag.be\/fr\/wp-json\/wp\/v2\/media?parent=5455"}],"curies":[{"name":"wp","href":"https:\/\/api.w.org\/{rel}","templated":true}]}}