{"id":5115,"date":"2017-03-29T11:26:31","date_gmt":"2017-03-29T09:26:31","guid":{"rendered":"http:\/\/www.newcag.be\/fr\/?page_id=5115"},"modified":"2017-06-16T10:45:22","modified_gmt":"2017-06-16T08:45:22","slug":"class-rating-course-extra-500","status":"publish","type":"page","link":"https:\/\/www.newcag.be\/fr\/class-rating-course-extra-500\/","title":{"rendered":"Class Rating Course Extra 500"},"content":{"rendered":"<p>La qualification se compose d\u2019un briefing technique r\u00e9parti sur 20 heures clotur\u00e9 par un test de connaissance<\/p>\n<p>La partie pratique consiste en un minimum de 10h30 de vol<\/p>\n<p>La formation est valid\u00e9e par un examen en vol pr\u00e9sent\u00e9 devant examinateur<\/p>\n<p>Avant de pouvoir d\u00e9buter la formation, le candidat doit disposer d\u2019un certificat ATPL th\u00e9orique en cours de validit\u00e9, ou d\u2019une attestation de r\u00e9ussite d\u2019un cours HPA (High Performance Aeroplane)<\/p>\n","protected":false},"excerpt":{"rendered":"<p>La qualification se compose d\u2019un briefing technique r\u00e9parti sur 20 heures clotur\u00e9 par un test de connaissance La partie pratique consiste en un minimum de 10h30 de vol La formation est valid\u00e9e par un examen en vol pr\u00e9sent\u00e9 devant examinateur Avant de pouvoir d\u00e9buter la formation, le candidat doit disposer d\u2019un certificat ATPL th\u00e9orique en &hellip;<\/p>\n","protected":false},"author":4,"featured_media":5124,"parent":0,"menu_order":5,"comment_status":"closed","ping_status":"closed","template":"","meta":{"footnotes":""},"class_list":["post-5115","page","type-page","status-publish","has-post-thumbnail","hentry"],"yoast_head":"<!-- This site is optimized with the Yoast SEO plugin v15.2 - https:\/\/yoast.com\/wordpress\/plugins\/seo\/ -->\n<meta name=\"robots\" content=\"index, follow, max-snippet:-1, max-image-preview:large, max-video-preview:-1\" \/>\n<link rel=\"canonical\" href=\"https:\/\/www.newcag.be\/fr\/class-rating-course-extra-500\/\" \/>\n<meta property=\"og:locale\" content=\"fr_FR\" \/>\n<meta property=\"og:type\" content=\"article\" \/>\n<meta property=\"og:title\" content=\"Class Rating Course Extra 500 - Air Academy New CAG\" \/>\n<meta property=\"og:description\" content=\"La qualification se compose d\u2019un briefing technique r\u00e9parti sur 20 heures clotur\u00e9 par un test de connaissance La partie pratique consiste en un minimum de 10h30 de vol La formation est valid\u00e9e par un examen en vol pr\u00e9sent\u00e9 devant examinateur Avant de pouvoir d\u00e9buter la formation, le candidat doit disposer d\u2019un certificat ATPL th\u00e9orique en &hellip;\" \/>\n<meta property=\"og:url\" content=\"https:\/\/www.newcag.be\/fr\/class-rating-course-extra-500\/\" \/>\n<meta property=\"og:site_name\" content=\"Air Academy New CAG\" \/>\n<meta property=\"article:publisher\" content=\"http:\/\/www.facebook.com\/AirAcademyNewCag\" \/>\n<meta property=\"article:modified_time\" content=\"2017-06-16T08:45:22+00:00\" \/>\n<meta property=\"og:image\" content=\"https:\/\/www.newcag.be\/wp-content\/uploads\/2017\/03\/extra500-02-1024x626.jpg\" \/>\n\t<meta property=\"og:image:width\" content=\"1024\" \/>\n\t<meta property=\"og:image:height\" content=\"626\" \/>\n<meta name=\"twitter:card\" content=\"summary\" \/>\n<meta name=\"twitter:creator\" content=\"@AA_NCAG\" \/>\n<meta name=\"twitter:site\" content=\"@AA_NCAG\" \/>\n<meta name=\"twitter:label1\" value=\"\u00c9crit par\">\n\t<meta name=\"twitter:data1\" value=\"Arnaud Libeau\">\n\t<meta name=\"twitter:label2\" value=\"Dur\u00e9e de lecture est.\">\n\t<meta name=\"twitter:data2\" value=\"0 minute\">\n<script type=\"application\/ld+json\" class=\"yoast-schema-graph\">{\"@context\":\"https:\/\/schema.org\",\"@graph\":[{\"@type\":\"Organization\",\"@id\":\"http:\/\/www.newcag.be\/fr\/#organization\",\"name\":\"Air Academy New CAG\",\"url\":\"http:\/\/www.newcag.be\/fr\/\",\"sameAs\":[\"http:\/\/www.facebook.com\/AirAcademyNewCag\",\"http:\/\/www.linkedin.com\/company\/air-academy-new-cag\",\"https:\/\/twitter.com\/AA_NCAG\"],\"logo\":{\"@type\":\"ImageObject\",\"@id\":\"http:\/\/www.newcag.be\/fr\/#logo\",\"inLanguage\":\"fr-FR\",\"url\":\"https:\/\/www.newcag.be\/wp-content\/uploads\/2018\/12\/CAG-signature.png\",\"width\":820,\"height\":230,\"caption\":\"Air Academy New CAG\"},\"image\":{\"@id\":\"http:\/\/www.newcag.be\/fr\/#logo\"}},{\"@type\":\"WebSite\",\"@id\":\"http:\/\/www.newcag.be\/fr\/#website\",\"url\":\"http:\/\/www.newcag.be\/fr\/\",\"name\":\"Air Academy New CAG\",\"description\":\"BE-ATO\/005\",\"publisher\":{\"@id\":\"http:\/\/www.newcag.be\/fr\/#organization\"},\"potentialAction\":[{\"@type\":\"SearchAction\",\"target\":\"http:\/\/www.newcag.be\/fr\/?s={search_term_string}\",\"query-input\":\"required name=search_term_string\"}],\"inLanguage\":\"fr-FR\"},{\"@type\":\"ImageObject\",\"@id\":\"https:\/\/www.newcag.be\/fr\/class-rating-course-extra-500\/#primaryimage\",\"inLanguage\":\"fr-FR\",\"url\":\"https:\/\/www.newcag.be\/wp-content\/uploads\/2017\/03\/extra500-02.jpg\",\"width\":2808,\"height\":1717},{\"@type\":\"WebPage\",\"@id\":\"https:\/\/www.newcag.be\/fr\/class-rating-course-extra-500\/#webpage\",\"url\":\"https:\/\/www.newcag.be\/fr\/class-rating-course-extra-500\/\",\"name\":\"Class Rating Course Extra 500 - Air Academy New CAG\",\"isPartOf\":{\"@id\":\"http:\/\/www.newcag.be\/fr\/#website\"},\"primaryImageOfPage\":{\"@id\":\"https:\/\/www.newcag.be\/fr\/class-rating-course-extra-500\/#primaryimage\"},\"datePublished\":\"2017-03-29T09:26:31+00:00\",\"dateModified\":\"2017-06-16T08:45:22+00:00\",\"inLanguage\":\"fr-FR\",\"potentialAction\":[{\"@type\":\"ReadAction\",\"target\":[\"https:\/\/www.newcag.be\/fr\/class-rating-course-extra-500\/\"]}]}]}<\/script>\n<!-- \/ Yoast SEO plugin. -->","_links":{"self":[{"href":"https:\/\/www.newcag.be\/fr\/wp-json\/wp\/v2\/pages\/5115","targetHints":{"allow":["GET"]}}],"collection":[{"href":"https:\/\/www.newcag.be\/fr\/wp-json\/wp\/v2\/pages"}],"about":[{"href":"https:\/\/www.newcag.be\/fr\/wp-json\/wp\/v2\/types\/page"}],"author":[{"embeddable":true,"href":"https:\/\/www.newcag.be\/fr\/wp-json\/wp\/v2\/users\/4"}],"replies":[{"embeddable":true,"href":"https:\/\/www.newcag.be\/fr\/wp-json\/wp\/v2\/comments?post=5115"}],"version-history":[{"count":3,"href":"https:\/\/www.newcag.be\/fr\/wp-json\/wp\/v2\/pages\/5115\/revisions"}],"predecessor-version":[{"id":5198,"href":"https:\/\/www.newcag.be\/fr\/wp-json\/wp\/v2\/pages\/5115\/revisions\/5198"}],"wp:featuredmedia":[{"embeddable":true,"href":"https:\/\/www.newcag.be\/fr\/wp-json\/wp\/v2\/media\/5124"}],"wp:attachment":[{"href":"https:\/\/www.newcag.be\/fr\/wp-json\/wp\/v2\/media?parent=5115"}],"curies":[{"name":"wp","href":"https:\/\/api.w.org\/{rel}","templated":true}]}}