{"id":5084,"date":"2017-03-27T15:58:37","date_gmt":"2017-03-27T13:58:37","guid":{"rendered":"http:\/\/www.newcag.be\/fr\/?page_id=5084"},"modified":"2022-11-28T09:17:47","modified_gmt":"2022-11-28T08:17:47","slug":"performance-based-navigation-pbn","status":"publish","type":"page","link":"https:\/\/www.newcag.be\/fr\/performance-based-navigation-pbn\/","title":{"rendered":"Performance Based Navigation (PBN)"},"content":{"rendered":"<p>Depuis d\u00e9cembre 2016, notre simulateur Alsim AL42 et nos avions Diamond DA42 sont certifi\u00e9s pour les approches PBN.<\/p>\n<p>Suite \u00e0 la r\u00e9glementation EASA (EU 539\/2016) une formation sp\u00e9cifique aux approches PBN doit \u00eatre suivie par les d\u00e9tenteurs d\u2019une qualification IFR valide et doit \u00eatre effectu\u00e9e avant le <em><strong>25 ao\u00fbt 2020<\/strong><\/em>. Apr\u00e8s cette date, la qualifcation de base sans PBN ne sera plus valide.<\/p>\n<p><a href=\"http:\/\/www.newcag.be\/wp-content\/uploads\/2016\/12\/Affiche-PBN-approach.png\"><img loading=\"lazy\" decoding=\"async\" class=\"alignnone size-medium wp-image-5026 aligncenter\" src=\"http:\/\/www.newcag.be\/wp-content\/uploads\/2016\/12\/Affiche-PBN-approach-251x300.png\" alt=\"\" width=\"251\" height=\"300\" srcset=\"https:\/\/www.newcag.be\/wp-content\/uploads\/2016\/12\/Affiche-PBN-approach-251x300.png 251w, https:\/\/www.newcag.be\/wp-content\/uploads\/2016\/12\/Affiche-PBN-approach-768x919.png 768w, https:\/\/www.newcag.be\/wp-content\/uploads\/2016\/12\/Affiche-PBN-approach-165x198.png 165w, https:\/\/www.newcag.be\/wp-content\/uploads\/2016\/12\/Affiche-PBN-approach-288x345.png 288w, https:\/\/www.newcag.be\/wp-content\/uploads\/2016\/12\/Affiche-PBN-approach.png 840w\" sizes=\"auto, (max-width: 251px) 100vw, 251px\" \/><\/a><\/p>\n<h4><strong>Pr\u00e9-requis<\/strong><\/h4>\n<ul>\n<li>IR(A) en cours de validit\u00e9<\/li>\n<\/ul>\n<h4><strong>Contenu de la formation<\/strong><\/h4>\n<ul>\n<li>8h de cours th\u00e9orique<\/li>\n<li>3h de simulateur<\/li>\n<\/ul>\n<p>Info et inscription : <a href=\"mailto:info@newcag.be\">info@newcag.be<\/a><\/p>\n","protected":false},"excerpt":{"rendered":"<p>Depuis d\u00e9cembre 2016, notre simulateur Alsim AL42 et nos avions Diamond DA42 sont certifi\u00e9s pour les approches PBN. Suite \u00e0 la r\u00e9glementation EASA (EU 539\/2016) une formation sp\u00e9cifique aux approches PBN doit \u00eatre suivie par les d\u00e9tenteurs d\u2019une qualification IFR valide et doit \u00eatre effectu\u00e9e avant le 25 ao\u00fbt 2020. Apr\u00e8s cette date, la qualifcation &hellip;<\/p>\n","protected":false},"author":4,"featured_media":0,"parent":0,"menu_order":12,"comment_status":"closed","ping_status":"closed","template":"","meta":{"footnotes":""},"class_list":["post-5084","page","type-page","status-publish","hentry"],"yoast_head":"<!-- This site is optimized with the Yoast SEO plugin v15.2 - https:\/\/yoast.com\/wordpress\/plugins\/seo\/ -->\n<meta name=\"robots\" content=\"index, follow, max-snippet:-1, max-image-preview:large, max-video-preview:-1\" \/>\n<link rel=\"canonical\" href=\"http:\/\/www.newcag.be\/fr\/performance-based-navigation-pbn\/\" \/>\n<meta property=\"og:locale\" content=\"fr_FR\" \/>\n<meta property=\"og:type\" content=\"article\" \/>\n<meta property=\"og:title\" content=\"Performance Based Navigation (PBN) - Air Academy New CAG\" \/>\n<meta property=\"og:description\" content=\"Depuis d\u00e9cembre 2016, notre simulateur Alsim AL42 et nos avions Diamond DA42 sont certifi\u00e9s pour les approches PBN. Suite \u00e0 la r\u00e9glementation EASA (EU 539\/2016) une formation sp\u00e9cifique aux approches PBN doit \u00eatre suivie par les d\u00e9tenteurs d\u2019une qualification IFR valide et doit \u00eatre effectu\u00e9e avant le 25 ao\u00fbt 2020. Apr\u00e8s cette date, la qualifcation &hellip;\" \/>\n<meta property=\"og:url\" content=\"http:\/\/www.newcag.be\/fr\/performance-based-navigation-pbn\/\" \/>\n<meta property=\"og:site_name\" content=\"Air Academy New CAG\" \/>\n<meta property=\"article:publisher\" content=\"http:\/\/www.facebook.com\/AirAcademyNewCag\" \/>\n<meta property=\"article:modified_time\" content=\"2022-11-28T08:17:47+00:00\" \/>\n<meta property=\"og:image\" content=\"http:\/\/www.newcag.be\/wp-content\/uploads\/2016\/12\/Affiche-PBN-approach-251x300.png\" \/>\n<meta name=\"twitter:card\" content=\"summary\" \/>\n<meta name=\"twitter:creator\" content=\"@AA_NCAG\" \/>\n<meta name=\"twitter:site\" content=\"@AA_NCAG\" \/>\n<meta name=\"twitter:label1\" value=\"\u00c9crit par\">\n\t<meta name=\"twitter:data1\" value=\"Arnaud Libeau\">\n\t<meta name=\"twitter:label2\" value=\"Dur\u00e9e de lecture est.\">\n\t<meta name=\"twitter:data2\" value=\"0 minute\">\n<script type=\"application\/ld+json\" class=\"yoast-schema-graph\">{\"@context\":\"https:\/\/schema.org\",\"@graph\":[{\"@type\":\"Organization\",\"@id\":\"http:\/\/www.newcag.be\/fr\/#organization\",\"name\":\"Air Academy New CAG\",\"url\":\"http:\/\/www.newcag.be\/fr\/\",\"sameAs\":[\"http:\/\/www.facebook.com\/AirAcademyNewCag\",\"http:\/\/www.linkedin.com\/company\/air-academy-new-cag\",\"https:\/\/twitter.com\/AA_NCAG\"],\"logo\":{\"@type\":\"ImageObject\",\"@id\":\"http:\/\/www.newcag.be\/fr\/#logo\",\"inLanguage\":\"fr-FR\",\"url\":\"https:\/\/www.newcag.be\/wp-content\/uploads\/2018\/12\/CAG-signature.png\",\"width\":820,\"height\":230,\"caption\":\"Air Academy New CAG\"},\"image\":{\"@id\":\"http:\/\/www.newcag.be\/fr\/#logo\"}},{\"@type\":\"WebSite\",\"@id\":\"http:\/\/www.newcag.be\/fr\/#website\",\"url\":\"http:\/\/www.newcag.be\/fr\/\",\"name\":\"Air Academy New CAG\",\"description\":\"BE-ATO\/005\",\"publisher\":{\"@id\":\"http:\/\/www.newcag.be\/fr\/#organization\"},\"potentialAction\":[{\"@type\":\"SearchAction\",\"target\":\"http:\/\/www.newcag.be\/fr\/?s={search_term_string}\",\"query-input\":\"required name=search_term_string\"}],\"inLanguage\":\"fr-FR\"},{\"@type\":\"ImageObject\",\"@id\":\"http:\/\/www.newcag.be\/fr\/performance-based-navigation-pbn\/#primaryimage\",\"inLanguage\":\"fr-FR\",\"url\":\"http:\/\/www.newcag.be\/wp-content\/uploads\/2016\/12\/Affiche-PBN-approach-251x300.png\"},{\"@type\":\"WebPage\",\"@id\":\"http:\/\/www.newcag.be\/fr\/performance-based-navigation-pbn\/#webpage\",\"url\":\"http:\/\/www.newcag.be\/fr\/performance-based-navigation-pbn\/\",\"name\":\"Performance Based Navigation (PBN) - Air Academy New CAG\",\"isPartOf\":{\"@id\":\"http:\/\/www.newcag.be\/fr\/#website\"},\"primaryImageOfPage\":{\"@id\":\"http:\/\/www.newcag.be\/fr\/performance-based-navigation-pbn\/#primaryimage\"},\"datePublished\":\"2017-03-27T13:58:37+00:00\",\"dateModified\":\"2022-11-28T08:17:47+00:00\",\"inLanguage\":\"fr-FR\",\"potentialAction\":[{\"@type\":\"ReadAction\",\"target\":[\"http:\/\/www.newcag.be\/fr\/performance-based-navigation-pbn\/\"]}]}]}<\/script>\n<!-- \/ Yoast SEO plugin. -->","_links":{"self":[{"href":"https:\/\/www.newcag.be\/fr\/wp-json\/wp\/v2\/pages\/5084","targetHints":{"allow":["GET"]}}],"collection":[{"href":"https:\/\/www.newcag.be\/fr\/wp-json\/wp\/v2\/pages"}],"about":[{"href":"https:\/\/www.newcag.be\/fr\/wp-json\/wp\/v2\/types\/page"}],"author":[{"embeddable":true,"href":"https:\/\/www.newcag.be\/fr\/wp-json\/wp\/v2\/users\/4"}],"replies":[{"embeddable":true,"href":"https:\/\/www.newcag.be\/fr\/wp-json\/wp\/v2\/comments?post=5084"}],"version-history":[{"count":10,"href":"https:\/\/www.newcag.be\/fr\/wp-json\/wp\/v2\/pages\/5084\/revisions"}],"predecessor-version":[{"id":5604,"href":"https:\/\/www.newcag.be\/fr\/wp-json\/wp\/v2\/pages\/5084\/revisions\/5604"}],"wp:attachment":[{"href":"https:\/\/www.newcag.be\/fr\/wp-json\/wp\/v2\/media?parent=5084"}],"curies":[{"name":"wp","href":"https:\/\/api.w.org\/{rel}","templated":true}]}}