{"id":44,"date":"2015-09-14T15:11:01","date_gmt":"2015-09-14T14:11:01","guid":{"rendered":"http:\/\/newcag.be\/fr\/?page_id=44"},"modified":"2017-02-01T10:59:34","modified_gmt":"2017-02-01T09:59:34","slug":"agenda","status":"publish","type":"page","link":"https:\/\/www.newcag.be\/fr\/agenda\/","title":{"rendered":"Agenda"},"content":{"rendered":"<p><strong>Formation Th\u00e9orique PPL :\u00a0<\/strong><\/p>\n<ul>\n<li>mardi 16 avril 2016 (Charleroi)<\/li>\n<li>lundi 12 septembre 2016 (Bruxelles)<\/li>\n<li>mardi 13 septembre 2015 (Charleroi)<\/li>\n<li>vendredi 7 octobre 2015 (Saint-Hubert)<\/li>\n<\/ul>\n<p><strong>Formation Th\u00e9orique ATPL\/IR\/CPL:<\/strong><\/p>\n<ul>\n<li>Cours du jour\n<ul>\n<li>Bloc B : 19 septembre 2016<\/li>\n<li>Bloc A : 6 f\u00e9vrier 2017<\/li>\n<\/ul>\n<\/li>\n<\/ul>\n<p><strong>Formation Th\u00e9orique FI:<\/strong><\/p>\n<ul>\n<li>?<\/li>\n<\/ul>\n<p><strong>Formation Th\u00e9orique IRI:<\/strong><\/p>\n<ul>\n<li>On Request<\/li>\n<\/ul>\n<p><strong>Refreshing Instructor (FI):<\/strong><\/p>\n<ul>\n<li>xx et yy mai 2016\n<ul>\n<li>xx\/05 : 0900-1100 : Learning Process + last changes in the JAR-FCL circulars<\/li>\n<li>xx\/05 : 1100-1300 : Glass Cockpit VS conventional A\/C<\/li>\n<li>xx\/05 : 1330-1530 : Single Pilot Ressource Management<\/li>\n<li>xx\/05 : 1530-1730 : CFIT (Controlled flight into terrain)<\/li>\n<li><\/li>\n<li>yy\/05 : 0900-1100 : Icing on GA Part 1<\/li>\n<li>yy\/05 : 1100-1300 : Stall &amp; Spin awareness<\/li>\n<li>yy\/05 : 1330-1530 : Windshear &amp; Wake Turbulences<\/li>\n<li>yy\/05 : 1530-1730 : Icing on G\/A aircraft Part 2<\/li>\n<\/ul>\n<\/li>\n<\/ul>\n<p><strong>Briefing Vol de Nuit (NVFR) :<\/strong><\/p>\n<ul>\n<li>?<\/li>\n<\/ul>\n<p><strong>Briefing Twin (MEP) :<\/strong><\/p>\n<ul>\n<li>17 &amp; 18 avril 2016<\/li>\n<\/ul>\n<p><strong>Briefing IFR :<\/strong><\/p>\n<ul>\n<li>d\u00e9but mai 2016<\/li>\n<\/ul>\n<p><strong>Cours Radio-Com:<\/strong><\/p>\n<ul>\n<li>A la demande<\/li>\n<\/ul>\n<p>&nbsp;<\/p>\n<p><!-- \/* 15pJQhrPh3XJCUOiaQCa62html *\/ --><!-- Gu6lQ11krY --><!-- \/* 1uqjsQSyWVhmOHAEVa1i62html *\/ --><\/p>\n","protected":false},"excerpt":{"rendered":"<p>Formation Th\u00e9orique PPL :\u00a0 mardi 16 avril 2016 (Charleroi) lundi 12 septembre 2016 (Bruxelles) mardi 13 septembre 2015 (Charleroi) vendredi 7 octobre 2015 (Saint-Hubert) Formation Th\u00e9orique ATPL\/IR\/CPL: Cours du jour Bloc B : 19 septembre 2016 Bloc A : 6 f\u00e9vrier 2017 Formation Th\u00e9orique FI: ? Formation Th\u00e9orique IRI: On Request Refreshing Instructor (FI): xx &hellip;<\/p>\n","protected":false},"author":1,"featured_media":0,"parent":0,"menu_order":22,"comment_status":"closed","ping_status":"closed","template":"template-agenda.php","meta":{"footnotes":""},"class_list":["post-44","page","type-page","status-publish","hentry"],"yoast_head":"<!-- This site is optimized with the Yoast SEO plugin v15.2 - https:\/\/yoast.com\/wordpress\/plugins\/seo\/ -->\n<meta name=\"robots\" content=\"index, follow, max-snippet:-1, max-image-preview:large, max-video-preview:-1\" \/>\n<link rel=\"canonical\" href=\"https:\/\/www.newcag.be\/fr\/agenda\/\" \/>\n<meta property=\"og:locale\" content=\"fr_FR\" \/>\n<meta property=\"og:type\" content=\"article\" \/>\n<meta property=\"og:title\" content=\"Agenda - Air Academy New CAG\" \/>\n<meta property=\"og:description\" content=\"Formation Th\u00e9orique PPL :\u00a0 mardi 16 avril 2016 (Charleroi) lundi 12 septembre 2016 (Bruxelles) mardi 13 septembre 2015 (Charleroi) vendredi 7 octobre 2015 (Saint-Hubert) Formation Th\u00e9orique ATPL\/IR\/CPL: Cours du jour Bloc B : 19 septembre 2016 Bloc A : 6 f\u00e9vrier 2017 Formation Th\u00e9orique FI: ? Formation Th\u00e9orique IRI: On Request Refreshing Instructor (FI): xx &hellip;\" \/>\n<meta property=\"og:url\" content=\"https:\/\/www.newcag.be\/fr\/agenda\/\" \/>\n<meta property=\"og:site_name\" content=\"Air Academy New CAG\" \/>\n<meta property=\"article:publisher\" content=\"http:\/\/www.facebook.com\/AirAcademyNewCag\" \/>\n<meta property=\"article:modified_time\" content=\"2017-02-01T09:59:34+00:00\" \/>\n<meta name=\"twitter:card\" content=\"summary\" \/>\n<meta name=\"twitter:creator\" content=\"@AA_NCAG\" \/>\n<meta name=\"twitter:site\" content=\"@AA_NCAG\" \/>\n<meta name=\"twitter:label1\" value=\"\u00c9crit par\">\n\t<meta name=\"twitter:data1\" value=\"Gilles\">\n\t<meta name=\"twitter:label2\" value=\"Dur\u00e9e de lecture est.\">\n\t<meta name=\"twitter:data2\" value=\"1 minute\">\n<script type=\"application\/ld+json\" class=\"yoast-schema-graph\">{\"@context\":\"https:\/\/schema.org\",\"@graph\":[{\"@type\":\"Organization\",\"@id\":\"http:\/\/www.newcag.be\/fr\/#organization\",\"name\":\"Air Academy New CAG\",\"url\":\"http:\/\/www.newcag.be\/fr\/\",\"sameAs\":[\"http:\/\/www.facebook.com\/AirAcademyNewCag\",\"http:\/\/www.linkedin.com\/company\/air-academy-new-cag\",\"https:\/\/twitter.com\/AA_NCAG\"],\"logo\":{\"@type\":\"ImageObject\",\"@id\":\"http:\/\/www.newcag.be\/fr\/#logo\",\"inLanguage\":\"fr-FR\",\"url\":\"https:\/\/www.newcag.be\/wp-content\/uploads\/2018\/12\/CAG-signature.png\",\"width\":820,\"height\":230,\"caption\":\"Air Academy New CAG\"},\"image\":{\"@id\":\"http:\/\/www.newcag.be\/fr\/#logo\"}},{\"@type\":\"WebSite\",\"@id\":\"http:\/\/www.newcag.be\/fr\/#website\",\"url\":\"http:\/\/www.newcag.be\/fr\/\",\"name\":\"Air Academy New CAG\",\"description\":\"BE-ATO\/005\",\"publisher\":{\"@id\":\"http:\/\/www.newcag.be\/fr\/#organization\"},\"potentialAction\":[{\"@type\":\"SearchAction\",\"target\":\"http:\/\/www.newcag.be\/fr\/?s={search_term_string}\",\"query-input\":\"required name=search_term_string\"}],\"inLanguage\":\"fr-FR\"},{\"@type\":\"WebPage\",\"@id\":\"https:\/\/www.newcag.be\/fr\/agenda\/#webpage\",\"url\":\"https:\/\/www.newcag.be\/fr\/agenda\/\",\"name\":\"Agenda - Air Academy New CAG\",\"isPartOf\":{\"@id\":\"http:\/\/www.newcag.be\/fr\/#website\"},\"datePublished\":\"2015-09-14T14:11:01+00:00\",\"dateModified\":\"2017-02-01T09:59:34+00:00\",\"inLanguage\":\"fr-FR\",\"potentialAction\":[{\"@type\":\"ReadAction\",\"target\":[\"https:\/\/www.newcag.be\/fr\/agenda\/\"]}]}]}<\/script>\n<!-- \/ Yoast SEO plugin. -->","_links":{"self":[{"href":"https:\/\/www.newcag.be\/fr\/wp-json\/wp\/v2\/pages\/44","targetHints":{"allow":["GET"]}}],"collection":[{"href":"https:\/\/www.newcag.be\/fr\/wp-json\/wp\/v2\/pages"}],"about":[{"href":"https:\/\/www.newcag.be\/fr\/wp-json\/wp\/v2\/types\/page"}],"author":[{"embeddable":true,"href":"https:\/\/www.newcag.be\/fr\/wp-json\/wp\/v2\/users\/1"}],"replies":[{"embeddable":true,"href":"https:\/\/www.newcag.be\/fr\/wp-json\/wp\/v2\/comments?post=44"}],"version-history":[{"count":211,"href":"https:\/\/www.newcag.be\/fr\/wp-json\/wp\/v2\/pages\/44\/revisions"}],"predecessor-version":[{"id":5055,"href":"https:\/\/www.newcag.be\/fr\/wp-json\/wp\/v2\/pages\/44\/revisions\/5055"}],"wp:attachment":[{"href":"https:\/\/www.newcag.be\/fr\/wp-json\/wp\/v2\/media?parent=44"}],"curies":[{"name":"wp","href":"https:\/\/api.w.org\/{rel}","templated":true}]}}