{"id":40,"date":"2015-09-14T15:09:12","date_gmt":"2015-09-14T14:09:12","guid":{"rendered":"http:\/\/newcag.be\/fr\/?page_id=40"},"modified":"2025-02-24T13:46:23","modified_gmt":"2025-02-24T12:46:23","slug":"formations-de-pilote","status":"publish","type":"page","link":"https:\/\/www.newcag.be\/fr\/formations-de-pilote\/","title":{"rendered":"Formation instructeur"},"content":{"rendered":"<p><span style=\"color: #b10125;\"><strong>Formation \u00e0 la qualification d&rsquo;instructeur de vol \u2013 FI(A)<\/strong><\/span><\/p>\n<p>Apr\u00e8s un vol d&rsquo;acceptation avec l&rsquo;un de nos instructeurs FII, le candidat instructeur entamera une formation th\u00e9orique de 125h<\/p>\n<p>Le candidat suivra \u00e9galement une formation pratique de 30h de vol, dont 25h avec un FII et 5h en mutuel.<\/p>\n<p>Vous avez la possibilit\u00e9 de r\u00e9aliser ces heures de vol sur Sonaca 200 ou Diamond DA40<\/p>\n<p>Sonaca 200: 199,65\u20ac\/h block time TVAC<\/p>\n<p>Diamond DA40: 253,37\u20ac\/h (compteur flight-time. Le block time est obtenu en ajoutant 18 minutes \u00e0 la dur\u00e9e de chaque vol) TVAC<\/p>\n<p>Les prestations de l\u2019instructeur : 112,50\u20ac\/h TVAC<\/p>\n<p>Tous ces prix sont sous r\u00e9serve de modification<\/p>\n<p>Les heures suppl\u00e9mentaires \u00e9ventuellement requises sont comptabilis\u00e9es au tarif horaire standard<\/p>\n<p><span style=\"color: #b10125;\"><strong>Refresh Course FI\u00a0<\/strong><\/span><\/p>\n<p>Le Refresh Course FI se compose de 16h de briefing th\u00e9orique<\/p>\n<p>Co\u00fbt : 250\u20ac HTVA<\/p>\n<p><span style=\"color: #b10125;\"><strong>IRI(A) Training Course\u00a0<\/strong><\/span><\/p>\n<p>La qualification consiste en 30h d&rsquo;instruction et 10h de vol<\/p>\n<p><span style=\"color: #b10125;\"><strong>CRI(A) Training Course\u00a0<\/strong><\/span><\/p>\n<p>La qualification se compose de 7h d&rsquo;instruction et 11h de vol<\/p>\n","protected":false},"excerpt":{"rendered":"<p>Formation \u00e0 la qualification d&rsquo;instructeur de vol \u2013 FI(A) Apr\u00e8s un vol d&rsquo;acceptation avec l&rsquo;un de nos instructeurs FII, le candidat instructeur entamera une formation th\u00e9orique de 125h Le candidat suivra \u00e9galement une formation pratique de 30h de vol, dont 25h avec un FII et 5h en mutuel. Vous avez la possibilit\u00e9 de r\u00e9aliser ces &hellip;<\/p>\n","protected":false},"author":1,"featured_media":131,"parent":0,"menu_order":24,"comment_status":"closed","ping_status":"closed","template":"","meta":{"footnotes":""},"class_list":["post-40","page","type-page","status-publish","has-post-thumbnail","hentry"],"yoast_head":"<!-- This site is optimized with the Yoast SEO plugin v15.2 - https:\/\/yoast.com\/wordpress\/plugins\/seo\/ -->\n<meta name=\"robots\" content=\"index, follow, max-snippet:-1, max-image-preview:large, max-video-preview:-1\" \/>\n<link rel=\"canonical\" href=\"http:\/\/www.newcag.be\/fr\/formations-de-pilote\/\" \/>\n<meta property=\"og:locale\" content=\"fr_FR\" \/>\n<meta property=\"og:type\" content=\"article\" \/>\n<meta property=\"og:title\" content=\"Formation instructeur - Air Academy New CAG\" \/>\n<meta property=\"og:description\" content=\"Formation \u00e0 la qualification d&rsquo;instructeur de vol \u2013 FI(A) Apr\u00e8s un vol d&rsquo;acceptation avec l&rsquo;un de nos instructeurs FII, le candidat instructeur entamera une formation th\u00e9orique de 125h Le candidat suivra \u00e9galement une formation pratique de 30h de vol, dont 25h avec un FII et 5h en mutuel. Vous avez la possibilit\u00e9 de r\u00e9aliser ces &hellip;\" \/>\n<meta property=\"og:url\" content=\"http:\/\/www.newcag.be\/fr\/formations-de-pilote\/\" \/>\n<meta property=\"og:site_name\" content=\"Air Academy New CAG\" \/>\n<meta property=\"article:publisher\" content=\"http:\/\/www.facebook.com\/AirAcademyNewCag\" \/>\n<meta property=\"article:modified_time\" content=\"2025-02-24T12:46:23+00:00\" \/>\n<meta property=\"og:image\" content=\"https:\/\/www.newcag.be\/wp-content\/uploads\/2015\/09\/formations.jpg\" \/>\n\t<meta property=\"og:image:width\" content=\"1200\" \/>\n\t<meta property=\"og:image:height\" content=\"250\" \/>\n<meta name=\"twitter:card\" content=\"summary\" \/>\n<meta name=\"twitter:creator\" content=\"@AA_NCAG\" \/>\n<meta name=\"twitter:site\" content=\"@AA_NCAG\" \/>\n<meta name=\"twitter:label1\" value=\"\u00c9crit par\">\n\t<meta name=\"twitter:data1\" value=\"Gilles\">\n\t<meta name=\"twitter:label2\" value=\"Dur\u00e9e de lecture est.\">\n\t<meta name=\"twitter:data2\" value=\"1 minute\">\n<script type=\"application\/ld+json\" class=\"yoast-schema-graph\">{\"@context\":\"https:\/\/schema.org\",\"@graph\":[{\"@type\":\"Organization\",\"@id\":\"http:\/\/www.newcag.be\/fr\/#organization\",\"name\":\"Air Academy New CAG\",\"url\":\"http:\/\/www.newcag.be\/fr\/\",\"sameAs\":[\"http:\/\/www.facebook.com\/AirAcademyNewCag\",\"http:\/\/www.linkedin.com\/company\/air-academy-new-cag\",\"https:\/\/twitter.com\/AA_NCAG\"],\"logo\":{\"@type\":\"ImageObject\",\"@id\":\"http:\/\/www.newcag.be\/fr\/#logo\",\"inLanguage\":\"fr-FR\",\"url\":\"https:\/\/www.newcag.be\/wp-content\/uploads\/2018\/12\/CAG-signature.png\",\"width\":820,\"height\":230,\"caption\":\"Air Academy New CAG\"},\"image\":{\"@id\":\"http:\/\/www.newcag.be\/fr\/#logo\"}},{\"@type\":\"WebSite\",\"@id\":\"http:\/\/www.newcag.be\/fr\/#website\",\"url\":\"http:\/\/www.newcag.be\/fr\/\",\"name\":\"Air Academy New CAG\",\"description\":\"BE-ATO\/005\",\"publisher\":{\"@id\":\"http:\/\/www.newcag.be\/fr\/#organization\"},\"potentialAction\":[{\"@type\":\"SearchAction\",\"target\":\"http:\/\/www.newcag.be\/fr\/?s={search_term_string}\",\"query-input\":\"required name=search_term_string\"}],\"inLanguage\":\"fr-FR\"},{\"@type\":\"ImageObject\",\"@id\":\"http:\/\/www.newcag.be\/fr\/formations-de-pilote\/#primaryimage\",\"inLanguage\":\"fr-FR\",\"url\":\"https:\/\/www.newcag.be\/wp-content\/uploads\/2015\/09\/formations.jpg\",\"width\":1200,\"height\":250},{\"@type\":\"WebPage\",\"@id\":\"http:\/\/www.newcag.be\/fr\/formations-de-pilote\/#webpage\",\"url\":\"http:\/\/www.newcag.be\/fr\/formations-de-pilote\/\",\"name\":\"Formation instructeur - Air Academy New CAG\",\"isPartOf\":{\"@id\":\"http:\/\/www.newcag.be\/fr\/#website\"},\"primaryImageOfPage\":{\"@id\":\"http:\/\/www.newcag.be\/fr\/formations-de-pilote\/#primaryimage\"},\"datePublished\":\"2015-09-14T14:09:12+00:00\",\"dateModified\":\"2025-02-24T12:46:23+00:00\",\"inLanguage\":\"fr-FR\",\"potentialAction\":[{\"@type\":\"ReadAction\",\"target\":[\"http:\/\/www.newcag.be\/fr\/formations-de-pilote\/\"]}]}]}<\/script>\n<!-- \/ Yoast SEO plugin. -->","_links":{"self":[{"href":"https:\/\/www.newcag.be\/fr\/wp-json\/wp\/v2\/pages\/40","targetHints":{"allow":["GET"]}}],"collection":[{"href":"https:\/\/www.newcag.be\/fr\/wp-json\/wp\/v2\/pages"}],"about":[{"href":"https:\/\/www.newcag.be\/fr\/wp-json\/wp\/v2\/types\/page"}],"author":[{"embeddable":true,"href":"https:\/\/www.newcag.be\/fr\/wp-json\/wp\/v2\/users\/1"}],"replies":[{"embeddable":true,"href":"https:\/\/www.newcag.be\/fr\/wp-json\/wp\/v2\/comments?post=40"}],"version-history":[{"count":174,"href":"https:\/\/www.newcag.be\/fr\/wp-json\/wp\/v2\/pages\/40\/revisions"}],"predecessor-version":[{"id":5670,"href":"https:\/\/www.newcag.be\/fr\/wp-json\/wp\/v2\/pages\/40\/revisions\/5670"}],"wp:featuredmedia":[{"embeddable":true,"href":"https:\/\/www.newcag.be\/fr\/wp-json\/wp\/v2\/media\/131"}],"wp:attachment":[{"href":"https:\/\/www.newcag.be\/fr\/wp-json\/wp\/v2\/media?parent=40"}],"curies":[{"name":"wp","href":"https:\/\/api.w.org\/{rel}","templated":true}]}}