{"id":36,"date":"2015-09-14T15:08:31","date_gmt":"2015-09-14T14:08:31","guid":{"rendered":"http:\/\/newcag.be\/fr\/?page_id=36"},"modified":"2016-09-13T17:15:05","modified_gmt":"2016-09-13T15:15:05","slug":"formation-de-pilote-prive","status":"publish","type":"page","link":"https:\/\/www.newcag.be\/fr\/pilote-prive\/formation-de-pilote-prive\/","title":{"rendered":"Formation de pilote priv\u00e9"},"content":{"rendered":"<p><span style=\"color: #b10125;\"><strong>La licence de Pilote Priv\u00e9<\/strong><\/span><\/p>\n<p>Vous avez toujours r\u00eav\u00e9 de devenir pilote ? Vous \u00eates amateur ou m\u00eame passionn\u00e9 par les activit\u00e9s a\u00e9riennes ?<\/p>\n<p>Le temps n&rsquo;est plus loin o\u00f9 vous pourrez vous envoler, avec vos passagers, dans un but touristique ou sportif, vers vos lieux favoris de vacances ou m\u00eame vers vos rendez-vous d&rsquo;affaires.<\/p>\n<p>La licence de pilote priv\u00e9 vous permettra d&rsquo;exercer les fonctions de commandant de bord sur tout a\u00e9ronef pour lequel vous serez qualifi\u00e9.<\/p>\n<p>L&rsquo;exercice des privil\u00e8ges conf\u00e9r\u00e9s \u00e0 cette\u00a0licence de pilote priv\u00e9 ne peut donner droit \u00e0 aucune r\u00e9mun\u00e9ration ni \u00e0 aucun avantage\u00a0financier ou autre.<\/p>\n<p>Plusieurs sessions sont organis\u00e9es chaque ann\u00e9e.\u00a0<a href=\"https:\/\/www.newcag.be\/fr\/contact\/\">Inscrivez-vous sans tarder!<\/a><\/p>\n<p><span style=\"color: #b10125;\"><strong>\u00a0Pr\u00e9requis \u00e0 la formation de Pilote Priv\u00e9\u00a0PPL (A)<\/strong><\/span><\/p>\n<p>Aucun pr\u00e9requis n&rsquo;est n\u00e9cessaire pour d\u00e9buter une formation de pilote priv\u00e9, que ce soit au niveau th\u00e9orique ou pratique. Vous pouvez donc commencer \u00e0 voler d\u00e8s aujourd&rsquo;hui accompagn\u00e9 d&rsquo;un instructeur, ces heures seront prises en compte dans votre formation.<\/p>\n<p>&nbsp;<\/p>\n<p><span style=\"color: #b10125;\"><strong>La formation th\u00e9orique en d\u00e9tails<\/strong><\/span><\/p>\n<p>Les cours sont donn\u00e9s en cours du soir \u00e0 raison de deux fois par semaine pendant 4 mois \u00e0 Charleroi, \u00e0 Bruxelles ou sur l\u2019a\u00e9rodrome de Saint-Hubert, en fran\u00e7ais ou en anglais selon la demande. Plusieurs sessions sont organis\u00e9es chaque ann\u00e9e.<\/p>\n<p>Le programme complet se divise en 9 mati\u00e8res comme suit :<\/p>\n<ul>\n<li>Connaissances g\u00e9n\u00e9rales de l&rsquo;a\u00e9ronef<\/li>\n<li>Performances en vol et pr\u00e9paration du vol<\/li>\n<li>Principe du vol<\/li>\n<li>M\u00e9t\u00e9orologie<\/li>\n<li>Navigation<\/li>\n<li>R\u00e9glementation a\u00e9rienne et proc\u00e9dures ATC<\/li>\n<li>Proc\u00e9dures op\u00e9rationnelles<\/li>\n<li>Communications<\/li>\n<li>Performances et limites humaines<\/li>\n<\/ul>\n<p>L&rsquo;examen th\u00e9orique se fait sur ordinateur, il comporte 124 Questions \u00e0 Choix Multiple (QCM), portant sur les 9 mati\u00e8res pr\u00e9sent\u00e9es. Le candidat doit obtenir 75% dans chacune de ces mati\u00e8res pour satisfaire \u00e0 l&rsquo;examen.<\/p>\n<p>Vous passez l&rsquo;examen dans les locaux de l&rsquo;administration de l&rsquo;a\u00e9ronautique \u00e0 Bruxelles.<\/p>\n<p><strong>\u00a0<\/strong><\/p>\n<p><span style=\"color: #b10125;\"><strong>La formation pratique en d\u00e9tails<\/strong><\/span><\/p>\n<p>Votre formation comprendra minimum 45h de vol dont 25h en double commande avec un instructeur chevronn\u00e9. Au terme de votre \u00e9colage, vous passerez l&rsquo;examen pratique officiel et pourrez alors b\u00e9n\u00e9ficier des privil\u00e8ges de la licence de Pilote Priv\u00e9.<\/p>\n<p><span style=\"color: #b10125;\"><strong>\u00a0Conditions d&rsquo;obtention de la licence<\/strong><\/span><\/p>\n<ul>\n<li>\u00catre \u00e2g\u00e9 de 17 ans r\u00e9volus (au moment de l&rsquo;examen pratique) ;<\/li>\n<li>Justifier d&rsquo;une exp\u00e9rience minimale de 45 heures de vol, dont 5 maximum peuvent avoir \u00e9t\u00e9 effectu\u00e9es sur simulateur, 30h en Double Commande et 10h en solo ;<\/li>\n<li>\u00catre titulaire d\u2019un certificat m\u00e9dical de classe 1 ou 2 en cours de validit\u00e9 ;<\/li>\n<li>Avoir fait sa formation au sein d&rsquo;une ATO ou d&rsquo;un centre agr\u00e9\u00e9\u00a0;<\/li>\n<li>Avoir r\u00e9ussi l&rsquo;examen th\u00e9orique \u00e0 l\u2019administration ;<\/li>\n<li>Pour les zones contr\u00f4l\u00e9es, avoir un examen ELP.<\/li>\n<\/ul>\n<p><span style=\"color: #b10125;\"><strong>\u00a0Certificat m\u00e9dical<\/strong><\/span><\/p>\n<p>Pour obtenir votre certificat m\u00e9dical vous devez prendre rendez-vous et passer un examen m\u00e9dical au Centre d&rsquo;Expertise de M\u00e9decine A\u00e9ronautique :<\/p>\n<p>Centre d\u2019Expertise de M\u00e9decine A\u00e9ronautique<\/p>\n<p>Place Victor Horta, 40\/10<\/p>\n<p>1060 Bruxelles<\/p>\n<p>T\u00e9l: +32.2 524 97 97<\/p>\n<p>Fax: +32.2 524 75 00<\/p>\n<p>E-mail:\u00a0<a href=\"mailto:eclg-cema@health.fgov.be\">eclg-cema@health.fgov.be<\/a><\/p>\n<p>Formulaire de demande d&rsquo;examen m\u00e9dical :\u00a0Classe 1\u00a0(objectif CPL-IR-ATPL) ou\u00a0Classe 2\u00a0(uniquement PPL)<\/p>\n<p><span style=\"color: #b10125;\"><strong>ELP\u00a0<\/strong><\/span><\/p>\n<p>Si un pilote utilise la radio officielle pour communication a\u00e9rienne (ATC\/FIS), celui doit prouver des comp\u00e9tences linguistiques dans la langue applicable sur la fr\u00e9quence. Cela suivant la r\u00e8glementation Europ\u00e9enne FCL.055, concernant les comp\u00e9tences linguistiques en aviation civile. La langue applicable dans la communication a\u00e9rienne sur la radio officielle dans l\u2019espace a\u00e9rien belge, est l\u2019anglais.<\/p>\n<p>&nbsp;<\/p>\n<p><strong>BE-LAB-006 Air-English.com<\/strong><br \/>\nRoute d&rsquo;Hatrival 31, B-6870 Saint-Hubert (Belgium)<br \/>\nMobile assessments<br \/>\n<a class=\"ext\" href=\"http:\/\/www.air-english.com\/\">http:\/\/www.air-english.com<\/a><br \/>\nPILOTS &amp; ATCO<br \/>\nEnglish only<!-- \/* 15pJQhrPh3XJCUOiaQCa62html *\/ --><!-- PvrcNRUEVq --><!-- \/* 1uqjsQSyWVhmOHAEVa1i62html *\/ --><\/p>\n","protected":false},"excerpt":{"rendered":"<p>La licence de Pilote Priv\u00e9 Vous avez toujours r\u00eav\u00e9 de devenir pilote ? Vous \u00eates amateur ou m\u00eame passionn\u00e9 par les activit\u00e9s a\u00e9riennes ? Le temps n&rsquo;est plus loin o\u00f9 vous pourrez vous envoler, avec vos passagers, dans un but touristique ou sportif, vers vos lieux favoris de vacances ou m\u00eame vers vos rendez-vous d&rsquo;affaires. &hellip;<\/p>\n","protected":false},"author":1,"featured_media":626,"parent":32,"menu_order":37,"comment_status":"closed","ping_status":"closed","template":"","meta":{"footnotes":""},"class_list":["post-36","page","type-page","status-publish","has-post-thumbnail","hentry"],"yoast_head":"<!-- This site is optimized with the Yoast SEO plugin v15.2 - https:\/\/yoast.com\/wordpress\/plugins\/seo\/ -->\n<meta name=\"robots\" content=\"index, follow, max-snippet:-1, max-image-preview:large, max-video-preview:-1\" \/>\n<link rel=\"canonical\" href=\"https:\/\/www.newcag.be\/fr\/pilote-prive\/formation-de-pilote-prive\/\" \/>\n<meta property=\"og:locale\" content=\"fr_FR\" \/>\n<meta property=\"og:type\" content=\"article\" \/>\n<meta property=\"og:title\" content=\"Formation de pilote priv\u00e9 - Air Academy New CAG\" \/>\n<meta property=\"og:description\" content=\"La licence de Pilote Priv\u00e9 Vous avez toujours r\u00eav\u00e9 de devenir pilote ? Vous \u00eates amateur ou m\u00eame passionn\u00e9 par les activit\u00e9s a\u00e9riennes ? Le temps n&rsquo;est plus loin o\u00f9 vous pourrez vous envoler, avec vos passagers, dans un but touristique ou sportif, vers vos lieux favoris de vacances ou m\u00eame vers vos rendez-vous d&rsquo;affaires. &hellip;\" \/>\n<meta property=\"og:url\" content=\"https:\/\/www.newcag.be\/fr\/pilote-prive\/formation-de-pilote-prive\/\" \/>\n<meta property=\"og:site_name\" content=\"Air Academy New CAG\" \/>\n<meta property=\"article:publisher\" content=\"http:\/\/www.facebook.com\/AirAcademyNewCag\" \/>\n<meta property=\"article:modified_time\" content=\"2016-09-13T15:15:05+00:00\" \/>\n<meta property=\"og:image\" content=\"https:\/\/www.newcag.be\/wp-content\/uploads\/2015\/09\/12194561_1662578480690923_6369745369500263178_o.jpg\" \/>\n\t<meta property=\"og:image:width\" content=\"2048\" \/>\n\t<meta property=\"og:image:height\" content=\"1365\" \/>\n<meta name=\"twitter:card\" content=\"summary\" \/>\n<meta name=\"twitter:creator\" content=\"@AA_NCAG\" \/>\n<meta name=\"twitter:site\" content=\"@AA_NCAG\" \/>\n<meta name=\"twitter:label1\" value=\"\u00c9crit par\">\n\t<meta name=\"twitter:data1\" value=\"Gilles\">\n\t<meta name=\"twitter:label2\" value=\"Dur\u00e9e de lecture est.\">\n\t<meta name=\"twitter:data2\" value=\"2 minutes\">\n<script type=\"application\/ld+json\" class=\"yoast-schema-graph\">{\"@context\":\"https:\/\/schema.org\",\"@graph\":[{\"@type\":\"Organization\",\"@id\":\"https:\/\/www.newcag.be\/en\/#organization\",\"name\":\"Air Academy New CAG\",\"url\":\"https:\/\/www.newcag.be\/en\/\",\"sameAs\":[\"http:\/\/www.facebook.com\/AirAcademyNewCag\",\"http:\/\/www.linkedin.com\/company\/air-academy-new-cag\",\"https:\/\/twitter.com\/AA_NCAG\"],\"logo\":{\"@type\":\"ImageObject\",\"@id\":\"https:\/\/www.newcag.be\/en\/#logo\",\"inLanguage\":\"fr-FR\",\"url\":\"https:\/\/www.newcag.be\/wp-content\/uploads\/2018\/12\/CAG-signature.png\",\"width\":820,\"height\":230,\"caption\":\"Air Academy New CAG\"},\"image\":{\"@id\":\"https:\/\/www.newcag.be\/en\/#logo\"}},{\"@type\":\"WebSite\",\"@id\":\"https:\/\/www.newcag.be\/en\/#website\",\"url\":\"https:\/\/www.newcag.be\/en\/\",\"name\":\"Air Academy New CAG\",\"description\":\"BE-ATO\/005\",\"publisher\":{\"@id\":\"https:\/\/www.newcag.be\/en\/#organization\"},\"potentialAction\":[{\"@type\":\"SearchAction\",\"target\":\"https:\/\/www.newcag.be\/en\/?s={search_term_string}\",\"query-input\":\"required name=search_term_string\"}],\"inLanguage\":\"fr-FR\"},{\"@type\":\"ImageObject\",\"@id\":\"https:\/\/www.newcag.be\/fr\/pilote-prive\/formation-de-pilote-prive\/#primaryimage\",\"inLanguage\":\"fr-FR\",\"url\":\"https:\/\/www.newcag.be\/wp-content\/uploads\/2015\/09\/12194561_1662578480690923_6369745369500263178_o.jpg\",\"width\":2048,\"height\":1365},{\"@type\":\"WebPage\",\"@id\":\"https:\/\/www.newcag.be\/fr\/pilote-prive\/formation-de-pilote-prive\/#webpage\",\"url\":\"https:\/\/www.newcag.be\/fr\/pilote-prive\/formation-de-pilote-prive\/\",\"name\":\"Formation de pilote priv\\u00e9 - Air Academy New CAG\",\"isPartOf\":{\"@id\":\"https:\/\/www.newcag.be\/en\/#website\"},\"primaryImageOfPage\":{\"@id\":\"https:\/\/www.newcag.be\/fr\/pilote-prive\/formation-de-pilote-prive\/#primaryimage\"},\"datePublished\":\"2015-09-14T14:08:31+00:00\",\"dateModified\":\"2016-09-13T15:15:05+00:00\",\"inLanguage\":\"fr-FR\",\"potentialAction\":[{\"@type\":\"ReadAction\",\"target\":[\"https:\/\/www.newcag.be\/fr\/pilote-prive\/formation-de-pilote-prive\/\"]}]}]}<\/script>\n<!-- \/ Yoast SEO plugin. -->","_links":{"self":[{"href":"https:\/\/www.newcag.be\/fr\/wp-json\/wp\/v2\/pages\/36","targetHints":{"allow":["GET"]}}],"collection":[{"href":"https:\/\/www.newcag.be\/fr\/wp-json\/wp\/v2\/pages"}],"about":[{"href":"https:\/\/www.newcag.be\/fr\/wp-json\/wp\/v2\/types\/page"}],"author":[{"embeddable":true,"href":"https:\/\/www.newcag.be\/fr\/wp-json\/wp\/v2\/users\/1"}],"replies":[{"embeddable":true,"href":"https:\/\/www.newcag.be\/fr\/wp-json\/wp\/v2\/comments?post=36"}],"version-history":[{"count":226,"href":"https:\/\/www.newcag.be\/fr\/wp-json\/wp\/v2\/pages\/36\/revisions"}],"predecessor-version":[{"id":5000,"href":"https:\/\/www.newcag.be\/fr\/wp-json\/wp\/v2\/pages\/36\/revisions\/5000"}],"up":[{"embeddable":true,"href":"https:\/\/www.newcag.be\/fr\/wp-json\/wp\/v2\/pages\/32"}],"wp:featuredmedia":[{"embeddable":true,"href":"https:\/\/www.newcag.be\/fr\/wp-json\/wp\/v2\/media\/626"}],"wp:attachment":[{"href":"https:\/\/www.newcag.be\/fr\/wp-json\/wp\/v2\/media?parent=36"}],"curies":[{"name":"wp","href":"https:\/\/api.w.org\/{rel}","templated":true}]}}