{"id":355,"date":"2016-04-13T12:03:30","date_gmt":"2016-04-13T11:03:30","guid":{"rendered":"http:\/\/newcag.be\/fr\/?page_id=355"},"modified":"2016-07-20T13:32:52","modified_gmt":"2016-07-20T11:32:52","slug":"module-5-obtenir-qualification-de-vol-avion-multi-moteur-mep","status":"publish","type":"page","link":"https:\/\/www.newcag.be\/fr\/pilote-de-ligne\/formation-de-pilote-de-ligne\/la-formation-en-details\/module-5-obtenir-qualification-de-vol-avion-multi-moteur-mep\/","title":{"rendered":"Module 5 : Obtenir votre qualification de vol sur avion multi-moteur (MEP)"},"content":{"rendered":"<p><span style=\"color: #b10125;\"><strong>\u00a0Pr\u00e9requis \u00e0 la formation <\/strong><\/span><\/p>\n<p>Afin d\u2019ajouter une qualification multi-moteur \u00e0 la licence du candidat, il devrait avoir :<\/p>\n<p>-une licence PPL EASA<\/p>\n<p>-une qualification vol de nuit<\/p>\n<p>-un m\u00e9dical valide<\/p>\n<p>-ELP valide (minimum niveau 4)<\/p>\n<p>-70 h en tant que commandant de bord<\/p>\n<p>&nbsp;<\/p>\n<p>&nbsp;<\/p>\n<p><span style=\"color: #b10125;\"><strong>\u00a0La formation en d\u00e9tails<\/strong><\/span><\/p>\n<p>Le candidat suivra une formation th\u00e9orique de 12 heures et pr\u00e9sentera un examen th\u00e9orique de l\u2019avion utilis\u00e9 avec une r\u00e9sulte de minimum 80 % (Diamond DA42 Twinstar).<\/p>\n<p>En ce qui concerne la partie pratique, le candidat aura minimum 6 heures de formation de vol en double commande.<\/p>\n","protected":false},"excerpt":{"rendered":"<p>\u00a0Pr\u00e9requis \u00e0 la formation Afin d\u2019ajouter une qualification multi-moteur \u00e0 la licence du candidat, il devrait avoir : -une licence PPL EASA -une qualification vol de nuit -un m\u00e9dical valide -ELP valide (minimum niveau 4) -70 h en tant que commandant de bord &nbsp; &nbsp; \u00a0La formation en d\u00e9tails Le candidat suivra une formation th\u00e9orique &hellip;<\/p>\n","protected":false},"author":2,"featured_media":359,"parent":159,"menu_order":56,"comment_status":"closed","ping_status":"closed","template":"","meta":{"footnotes":""},"class_list":["post-355","page","type-page","status-publish","has-post-thumbnail","hentry"],"yoast_head":"<!-- This site is optimized with the Yoast SEO plugin v15.2 - https:\/\/yoast.com\/wordpress\/plugins\/seo\/ -->\n<meta name=\"robots\" content=\"index, follow, max-snippet:-1, max-image-preview:large, max-video-preview:-1\" \/>\n<link rel=\"canonical\" href=\"https:\/\/www.newcag.be\/fr\/pilote-de-ligne\/formation-de-pilote-de-ligne\/la-formation-en-details\/module-5-obtenir-qualification-de-vol-avion-multi-moteur-mep\/\" \/>\n<meta property=\"og:locale\" content=\"fr_FR\" \/>\n<meta property=\"og:type\" content=\"article\" \/>\n<meta property=\"og:title\" content=\"Module 5 : Obtenir votre qualification de vol sur avion multi-moteur (MEP) - Air Academy New CAG\" \/>\n<meta property=\"og:description\" content=\"\u00a0Pr\u00e9requis \u00e0 la formation Afin d\u2019ajouter une qualification multi-moteur \u00e0 la licence du candidat, il devrait avoir : -une licence PPL EASA -une qualification vol de nuit -un m\u00e9dical valide -ELP valide (minimum niveau 4) -70 h en tant que commandant de bord &nbsp; &nbsp; \u00a0La formation en d\u00e9tails Le candidat suivra une formation th\u00e9orique &hellip;\" \/>\n<meta property=\"og:url\" content=\"https:\/\/www.newcag.be\/fr\/pilote-de-ligne\/formation-de-pilote-de-ligne\/la-formation-en-details\/module-5-obtenir-qualification-de-vol-avion-multi-moteur-mep\/\" \/>\n<meta property=\"og:site_name\" content=\"Air Academy New CAG\" \/>\n<meta property=\"article:publisher\" content=\"http:\/\/www.facebook.com\/AirAcademyNewCag\" \/>\n<meta property=\"article:modified_time\" content=\"2016-07-20T11:32:52+00:00\" \/>\n<meta property=\"og:image\" content=\"https:\/\/www.newcag.be\/wp-content\/uploads\/2016\/04\/Sans-titre-3.png\" \/>\n\t<meta property=\"og:image:width\" content=\"1321\" \/>\n\t<meta property=\"og:image:height\" content=\"444\" \/>\n<meta name=\"twitter:card\" content=\"summary\" \/>\n<meta name=\"twitter:creator\" content=\"@AA_NCAG\" \/>\n<meta name=\"twitter:site\" content=\"@AA_NCAG\" \/>\n<meta name=\"twitter:label1\" value=\"\u00c9crit par\">\n\t<meta name=\"twitter:data1\" value=\"Denis\">\n\t<meta name=\"twitter:label2\" value=\"Dur\u00e9e de lecture est.\">\n\t<meta name=\"twitter:data2\" value=\"0 minute\">\n<script type=\"application\/ld+json\" class=\"yoast-schema-graph\">{\"@context\":\"https:\/\/schema.org\",\"@graph\":[{\"@type\":\"Organization\",\"@id\":\"http:\/\/www.newcag.be\/fr\/#organization\",\"name\":\"Air Academy New CAG\",\"url\":\"http:\/\/www.newcag.be\/fr\/\",\"sameAs\":[\"http:\/\/www.facebook.com\/AirAcademyNewCag\",\"http:\/\/www.linkedin.com\/company\/air-academy-new-cag\",\"https:\/\/twitter.com\/AA_NCAG\"],\"logo\":{\"@type\":\"ImageObject\",\"@id\":\"http:\/\/www.newcag.be\/fr\/#logo\",\"inLanguage\":\"fr-FR\",\"url\":\"https:\/\/www.newcag.be\/wp-content\/uploads\/2018\/12\/CAG-signature.png\",\"width\":820,\"height\":230,\"caption\":\"Air Academy New CAG\"},\"image\":{\"@id\":\"http:\/\/www.newcag.be\/fr\/#logo\"}},{\"@type\":\"WebSite\",\"@id\":\"http:\/\/www.newcag.be\/fr\/#website\",\"url\":\"http:\/\/www.newcag.be\/fr\/\",\"name\":\"Air Academy New CAG\",\"description\":\"BE-ATO\/005\",\"publisher\":{\"@id\":\"http:\/\/www.newcag.be\/fr\/#organization\"},\"potentialAction\":[{\"@type\":\"SearchAction\",\"target\":\"http:\/\/www.newcag.be\/fr\/?s={search_term_string}\",\"query-input\":\"required name=search_term_string\"}],\"inLanguage\":\"fr-FR\"},{\"@type\":\"ImageObject\",\"@id\":\"https:\/\/www.newcag.be\/fr\/pilote-de-ligne\/formation-de-pilote-de-ligne\/la-formation-en-details\/module-5-obtenir-qualification-de-vol-avion-multi-moteur-mep\/#primaryimage\",\"inLanguage\":\"fr-FR\",\"url\":\"https:\/\/www.newcag.be\/wp-content\/uploads\/2016\/04\/Sans-titre-3.png\",\"width\":1321,\"height\":444},{\"@type\":\"WebPage\",\"@id\":\"https:\/\/www.newcag.be\/fr\/pilote-de-ligne\/formation-de-pilote-de-ligne\/la-formation-en-details\/module-5-obtenir-qualification-de-vol-avion-multi-moteur-mep\/#webpage\",\"url\":\"https:\/\/www.newcag.be\/fr\/pilote-de-ligne\/formation-de-pilote-de-ligne\/la-formation-en-details\/module-5-obtenir-qualification-de-vol-avion-multi-moteur-mep\/\",\"name\":\"Module 5 : Obtenir votre qualification de vol sur avion multi-moteur (MEP) - Air Academy New CAG\",\"isPartOf\":{\"@id\":\"http:\/\/www.newcag.be\/fr\/#website\"},\"primaryImageOfPage\":{\"@id\":\"https:\/\/www.newcag.be\/fr\/pilote-de-ligne\/formation-de-pilote-de-ligne\/la-formation-en-details\/module-5-obtenir-qualification-de-vol-avion-multi-moteur-mep\/#primaryimage\"},\"datePublished\":\"2016-04-13T11:03:30+00:00\",\"dateModified\":\"2016-07-20T11:32:52+00:00\",\"inLanguage\":\"fr-FR\",\"potentialAction\":[{\"@type\":\"ReadAction\",\"target\":[\"https:\/\/www.newcag.be\/fr\/pilote-de-ligne\/formation-de-pilote-de-ligne\/la-formation-en-details\/module-5-obtenir-qualification-de-vol-avion-multi-moteur-mep\/\"]}]}]}<\/script>\n<!-- \/ Yoast SEO plugin. -->","_links":{"self":[{"href":"https:\/\/www.newcag.be\/fr\/wp-json\/wp\/v2\/pages\/355","targetHints":{"allow":["GET"]}}],"collection":[{"href":"https:\/\/www.newcag.be\/fr\/wp-json\/wp\/v2\/pages"}],"about":[{"href":"https:\/\/www.newcag.be\/fr\/wp-json\/wp\/v2\/types\/page"}],"author":[{"embeddable":true,"href":"https:\/\/www.newcag.be\/fr\/wp-json\/wp\/v2\/users\/2"}],"replies":[{"embeddable":true,"href":"https:\/\/www.newcag.be\/fr\/wp-json\/wp\/v2\/comments?post=355"}],"version-history":[{"count":6,"href":"https:\/\/www.newcag.be\/fr\/wp-json\/wp\/v2\/pages\/355\/revisions"}],"predecessor-version":[{"id":753,"href":"https:\/\/www.newcag.be\/fr\/wp-json\/wp\/v2\/pages\/355\/revisions\/753"}],"up":[{"embeddable":true,"href":"https:\/\/www.newcag.be\/fr\/wp-json\/wp\/v2\/pages\/159"}],"wp:featuredmedia":[{"embeddable":true,"href":"https:\/\/www.newcag.be\/fr\/wp-json\/wp\/v2\/media\/359"}],"wp:attachment":[{"href":"https:\/\/www.newcag.be\/fr\/wp-json\/wp\/v2\/media?parent=355"}],"curies":[{"name":"wp","href":"https:\/\/api.w.org\/{rel}","templated":true}]}}