{"id":347,"date":"2016-04-13T11:59:29","date_gmt":"2016-04-13T10:59:29","guid":{"rendered":"http:\/\/newcag.be\/fr\/?page_id=347"},"modified":"2016-07-19T15:41:53","modified_gmt":"2016-07-19T13:41:53","slug":"module-4-obtenir-qualification-vol-de-nuit-nvfr","status":"publish","type":"page","link":"https:\/\/www.newcag.be\/fr\/pilote-de-ligne\/formation-de-pilote-de-ligne\/la-formation-en-details\/module-4-obtenir-qualification-vol-de-nuit-nvfr\/","title":{"rendered":"Module 4 : Obtenir votre qualification vol de nuit &#8211; NVFR"},"content":{"rendered":"<p><span style=\"color: #b10125;\"><strong>\u00a0Pr\u00e9requis \u00e0 la formation <\/strong><\/span><\/p>\n<p>Le pr\u00e9requis pour d\u00e9buter ce module est la licence de pilote priv\u00e9.<\/p>\n<p><span style=\"color: #b10125;\"><strong>\u00a0La formation en d\u00e9tails<\/strong><\/span><\/p>\n<p>Le candidat suivra un briefing th\u00e9orique sur les techniques de vol de nuit d&rsquo;une dur\u00e9e de 5 heures.<\/p>\n<p>La pratique comprend 5 heures de vol (3 heures en DC et 2 heures en solo).<\/p>\n","protected":false},"excerpt":{"rendered":"<p>\u00a0Pr\u00e9requis \u00e0 la formation Le pr\u00e9requis pour d\u00e9buter ce module est la licence de pilote priv\u00e9. \u00a0La formation en d\u00e9tails Le candidat suivra un briefing th\u00e9orique sur les techniques de vol de nuit d&rsquo;une dur\u00e9e de 5 heures. La pratique comprend 5 heures de vol (3 heures en DC et 2 heures en solo).<\/p>\n","protected":false},"author":2,"featured_media":351,"parent":159,"menu_order":58,"comment_status":"closed","ping_status":"closed","template":"","meta":{"footnotes":""},"class_list":["post-347","page","type-page","status-publish","has-post-thumbnail","hentry"],"yoast_head":"<!-- This site is optimized with the Yoast SEO plugin v15.2 - https:\/\/yoast.com\/wordpress\/plugins\/seo\/ -->\n<meta name=\"robots\" content=\"index, follow, max-snippet:-1, max-image-preview:large, max-video-preview:-1\" \/>\n<link rel=\"canonical\" href=\"https:\/\/www.newcag.be\/fr\/pilote-de-ligne\/formation-de-pilote-de-ligne\/la-formation-en-details\/module-4-obtenir-qualification-vol-de-nuit-nvfr\/\" \/>\n<meta property=\"og:locale\" content=\"fr_FR\" \/>\n<meta property=\"og:type\" content=\"article\" \/>\n<meta property=\"og:title\" content=\"Module 4 : Obtenir votre qualification vol de nuit - NVFR - Air Academy New CAG\" \/>\n<meta property=\"og:description\" content=\"\u00a0Pr\u00e9requis \u00e0 la formation Le pr\u00e9requis pour d\u00e9buter ce module est la licence de pilote priv\u00e9. \u00a0La formation en d\u00e9tails Le candidat suivra un briefing th\u00e9orique sur les techniques de vol de nuit d&rsquo;une dur\u00e9e de 5 heures. La pratique comprend 5 heures de vol (3 heures en DC et 2 heures en solo).\" \/>\n<meta property=\"og:url\" content=\"https:\/\/www.newcag.be\/fr\/pilote-de-ligne\/formation-de-pilote-de-ligne\/la-formation-en-details\/module-4-obtenir-qualification-vol-de-nuit-nvfr\/\" \/>\n<meta property=\"og:site_name\" content=\"Air Academy New CAG\" \/>\n<meta property=\"article:publisher\" content=\"http:\/\/www.facebook.com\/AirAcademyNewCag\" \/>\n<meta property=\"article:modified_time\" content=\"2016-07-19T13:41:53+00:00\" \/>\n<meta property=\"og:image\" content=\"https:\/\/www.newcag.be\/wp-content\/uploads\/2016\/04\/ob_e7a892_initiation-pilotage-avion-vol-nuit.jpg\" \/>\n\t<meta property=\"og:image:width\" content=\"730\" \/>\n\t<meta property=\"og:image:height\" content=\"300\" \/>\n<meta name=\"twitter:card\" content=\"summary\" \/>\n<meta name=\"twitter:creator\" content=\"@AA_NCAG\" \/>\n<meta name=\"twitter:site\" content=\"@AA_NCAG\" \/>\n<meta name=\"twitter:label1\" value=\"\u00c9crit par\">\n\t<meta name=\"twitter:data1\" value=\"Denis\">\n\t<meta name=\"twitter:label2\" value=\"Dur\u00e9e de lecture est.\">\n\t<meta name=\"twitter:data2\" value=\"0 minute\">\n<script type=\"application\/ld+json\" class=\"yoast-schema-graph\">{\"@context\":\"https:\/\/schema.org\",\"@graph\":[{\"@type\":\"Organization\",\"@id\":\"http:\/\/www.newcag.be\/fr\/#organization\",\"name\":\"Air Academy New CAG\",\"url\":\"http:\/\/www.newcag.be\/fr\/\",\"sameAs\":[\"http:\/\/www.facebook.com\/AirAcademyNewCag\",\"http:\/\/www.linkedin.com\/company\/air-academy-new-cag\",\"https:\/\/twitter.com\/AA_NCAG\"],\"logo\":{\"@type\":\"ImageObject\",\"@id\":\"http:\/\/www.newcag.be\/fr\/#logo\",\"inLanguage\":\"fr-FR\",\"url\":\"https:\/\/www.newcag.be\/wp-content\/uploads\/2018\/12\/CAG-signature.png\",\"width\":820,\"height\":230,\"caption\":\"Air Academy New CAG\"},\"image\":{\"@id\":\"http:\/\/www.newcag.be\/fr\/#logo\"}},{\"@type\":\"WebSite\",\"@id\":\"http:\/\/www.newcag.be\/fr\/#website\",\"url\":\"http:\/\/www.newcag.be\/fr\/\",\"name\":\"Air Academy New CAG\",\"description\":\"BE-ATO\/005\",\"publisher\":{\"@id\":\"http:\/\/www.newcag.be\/fr\/#organization\"},\"potentialAction\":[{\"@type\":\"SearchAction\",\"target\":\"http:\/\/www.newcag.be\/fr\/?s={search_term_string}\",\"query-input\":\"required name=search_term_string\"}],\"inLanguage\":\"fr-FR\"},{\"@type\":\"ImageObject\",\"@id\":\"https:\/\/www.newcag.be\/fr\/pilote-de-ligne\/formation-de-pilote-de-ligne\/la-formation-en-details\/module-4-obtenir-qualification-vol-de-nuit-nvfr\/#primaryimage\",\"inLanguage\":\"fr-FR\",\"url\":\"https:\/\/www.newcag.be\/wp-content\/uploads\/2016\/04\/ob_e7a892_initiation-pilotage-avion-vol-nuit.jpg\",\"width\":730,\"height\":300},{\"@type\":\"WebPage\",\"@id\":\"https:\/\/www.newcag.be\/fr\/pilote-de-ligne\/formation-de-pilote-de-ligne\/la-formation-en-details\/module-4-obtenir-qualification-vol-de-nuit-nvfr\/#webpage\",\"url\":\"https:\/\/www.newcag.be\/fr\/pilote-de-ligne\/formation-de-pilote-de-ligne\/la-formation-en-details\/module-4-obtenir-qualification-vol-de-nuit-nvfr\/\",\"name\":\"Module 4 : Obtenir votre qualification vol de nuit - NVFR - Air Academy New CAG\",\"isPartOf\":{\"@id\":\"http:\/\/www.newcag.be\/fr\/#website\"},\"primaryImageOfPage\":{\"@id\":\"https:\/\/www.newcag.be\/fr\/pilote-de-ligne\/formation-de-pilote-de-ligne\/la-formation-en-details\/module-4-obtenir-qualification-vol-de-nuit-nvfr\/#primaryimage\"},\"datePublished\":\"2016-04-13T10:59:29+00:00\",\"dateModified\":\"2016-07-19T13:41:53+00:00\",\"inLanguage\":\"fr-FR\",\"potentialAction\":[{\"@type\":\"ReadAction\",\"target\":[\"https:\/\/www.newcag.be\/fr\/pilote-de-ligne\/formation-de-pilote-de-ligne\/la-formation-en-details\/module-4-obtenir-qualification-vol-de-nuit-nvfr\/\"]}]}]}<\/script>\n<!-- \/ Yoast SEO plugin. -->","_links":{"self":[{"href":"https:\/\/www.newcag.be\/fr\/wp-json\/wp\/v2\/pages\/347","targetHints":{"allow":["GET"]}}],"collection":[{"href":"https:\/\/www.newcag.be\/fr\/wp-json\/wp\/v2\/pages"}],"about":[{"href":"https:\/\/www.newcag.be\/fr\/wp-json\/wp\/v2\/types\/page"}],"author":[{"embeddable":true,"href":"https:\/\/www.newcag.be\/fr\/wp-json\/wp\/v2\/users\/2"}],"replies":[{"embeddable":true,"href":"https:\/\/www.newcag.be\/fr\/wp-json\/wp\/v2\/comments?post=347"}],"version-history":[{"count":4,"href":"https:\/\/www.newcag.be\/fr\/wp-json\/wp\/v2\/pages\/347\/revisions"}],"predecessor-version":[{"id":752,"href":"https:\/\/www.newcag.be\/fr\/wp-json\/wp\/v2\/pages\/347\/revisions\/752"}],"up":[{"embeddable":true,"href":"https:\/\/www.newcag.be\/fr\/wp-json\/wp\/v2\/pages\/159"}],"wp:featuredmedia":[{"embeddable":true,"href":"https:\/\/www.newcag.be\/fr\/wp-json\/wp\/v2\/media\/351"}],"wp:attachment":[{"href":"https:\/\/www.newcag.be\/fr\/wp-json\/wp\/v2\/media?parent=347"}],"curies":[{"name":"wp","href":"https:\/\/api.w.org\/{rel}","templated":true}]}}