{"id":344,"date":"2016-04-13T11:55:39","date_gmt":"2016-04-13T10:55:39","guid":{"rendered":"http:\/\/newcag.be\/fr\/?page_id=344"},"modified":"2016-07-19T15:39:02","modified_gmt":"2016-07-19T13:39:02","slug":"module-3-acquerir-lexperience-minimum","status":"publish","type":"page","link":"https:\/\/www.newcag.be\/fr\/pilote-de-ligne\/formation-de-pilote-de-ligne\/la-formation-en-details\/module-3-acquerir-lexperience-minimum\/","title":{"rendered":"Module 3 : Acqu\u00e9rir l&rsquo;exp\u00e9rience minimum"},"content":{"rendered":"<p><span style=\"color: #b10125;\"><strong>Pr\u00e9requis \u00e0 la formation<\/strong><\/span> :<\/p>\n<p>Le pr\u00e9requis pour d\u00e9buter ce module est la licence de pilote priv\u00e9.<\/p>\n<p><strong><span style=\"color: #b10125;\">La formation en d\u00e9tail :\u00a0<\/span><\/strong><\/p>\n<p>Le candidat am\u00e9liorera ses comp\u00e9tences et augmentera son exp\u00e9rience en vol en parcourant l\u2019Europe.<\/p>\n<p>&nbsp;<\/p>\n<p>Chaque candidat effectuera environ 90 heures de vol en tant que commandant de bord (PIC).<\/p>\n<p>A la fin de ce module, le candidat devrait atteindre les heures requises pour le module suivant.<\/p>\n","protected":false},"excerpt":{"rendered":"<p>Pr\u00e9requis \u00e0 la formation : Le pr\u00e9requis pour d\u00e9buter ce module est la licence de pilote priv\u00e9. La formation en d\u00e9tail :\u00a0 Le candidat am\u00e9liorera ses comp\u00e9tences et augmentera son exp\u00e9rience en vol en parcourant l\u2019Europe. &nbsp; Chaque candidat effectuera environ 90 heures de vol en tant que commandant de bord (PIC). A la fin &hellip;<\/p>\n","protected":false},"author":2,"featured_media":186,"parent":159,"menu_order":60,"comment_status":"closed","ping_status":"closed","template":"","meta":{"footnotes":""},"class_list":["post-344","page","type-page","status-publish","has-post-thumbnail","hentry"],"yoast_head":"<!-- This site is optimized with the Yoast SEO plugin v15.2 - https:\/\/yoast.com\/wordpress\/plugins\/seo\/ -->\n<meta name=\"robots\" content=\"index, follow, max-snippet:-1, max-image-preview:large, max-video-preview:-1\" \/>\n<link rel=\"canonical\" href=\"http:\/\/www.newcag.be\/fr\/pilote-de-ligne\/formation-de-pilote-de-ligne\/la-formation-en-details\/module-3-acquerir-lexperience-minimum\/\" \/>\n<meta property=\"og:locale\" content=\"fr_FR\" \/>\n<meta property=\"og:type\" content=\"article\" \/>\n<meta property=\"og:title\" content=\"Module 3 : Acqu\u00e9rir l&#039;exp\u00e9rience minimum - Air Academy New CAG\" \/>\n<meta property=\"og:description\" content=\"Pr\u00e9requis \u00e0 la formation : Le pr\u00e9requis pour d\u00e9buter ce module est la licence de pilote priv\u00e9. La formation en d\u00e9tail :\u00a0 Le candidat am\u00e9liorera ses comp\u00e9tences et augmentera son exp\u00e9rience en vol en parcourant l\u2019Europe. &nbsp; Chaque candidat effectuera environ 90 heures de vol en tant que commandant de bord (PIC). A la fin &hellip;\" \/>\n<meta property=\"og:url\" content=\"http:\/\/www.newcag.be\/fr\/pilote-de-ligne\/formation-de-pilote-de-ligne\/la-formation-en-details\/module-3-acquerir-lexperience-minimum\/\" \/>\n<meta property=\"og:site_name\" content=\"Air Academy New CAG\" \/>\n<meta property=\"article:publisher\" content=\"http:\/\/www.facebook.com\/AirAcademyNewCag\" \/>\n<meta property=\"article:modified_time\" content=\"2016-07-19T13:39:02+00:00\" \/>\n<meta property=\"og:image\" content=\"https:\/\/www.newcag.be\/wp-content\/uploads\/2016\/04\/JNV_0317.jpg\" \/>\n\t<meta property=\"og:image:width\" content=\"3500\" \/>\n\t<meta property=\"og:image:height\" content=\"2337\" \/>\n<meta name=\"twitter:card\" content=\"summary\" \/>\n<meta name=\"twitter:creator\" content=\"@AA_NCAG\" \/>\n<meta name=\"twitter:site\" content=\"@AA_NCAG\" \/>\n<meta name=\"twitter:label1\" value=\"\u00c9crit par\">\n\t<meta name=\"twitter:data1\" value=\"Denis\">\n\t<meta name=\"twitter:label2\" value=\"Dur\u00e9e de lecture est.\">\n\t<meta name=\"twitter:data2\" value=\"0 minute\">\n<script type=\"application\/ld+json\" class=\"yoast-schema-graph\">{\"@context\":\"https:\/\/schema.org\",\"@graph\":[{\"@type\":\"Organization\",\"@id\":\"http:\/\/www.newcag.be\/fr\/#organization\",\"name\":\"Air Academy New CAG\",\"url\":\"http:\/\/www.newcag.be\/fr\/\",\"sameAs\":[\"http:\/\/www.facebook.com\/AirAcademyNewCag\",\"http:\/\/www.linkedin.com\/company\/air-academy-new-cag\",\"https:\/\/twitter.com\/AA_NCAG\"],\"logo\":{\"@type\":\"ImageObject\",\"@id\":\"http:\/\/www.newcag.be\/fr\/#logo\",\"inLanguage\":\"fr-FR\",\"url\":\"https:\/\/www.newcag.be\/wp-content\/uploads\/2018\/12\/CAG-signature.png\",\"width\":820,\"height\":230,\"caption\":\"Air Academy New CAG\"},\"image\":{\"@id\":\"http:\/\/www.newcag.be\/fr\/#logo\"}},{\"@type\":\"WebSite\",\"@id\":\"http:\/\/www.newcag.be\/fr\/#website\",\"url\":\"http:\/\/www.newcag.be\/fr\/\",\"name\":\"Air Academy New CAG\",\"description\":\"BE-ATO\/005\",\"publisher\":{\"@id\":\"http:\/\/www.newcag.be\/fr\/#organization\"},\"potentialAction\":[{\"@type\":\"SearchAction\",\"target\":\"http:\/\/www.newcag.be\/fr\/?s={search_term_string}\",\"query-input\":\"required name=search_term_string\"}],\"inLanguage\":\"fr-FR\"},{\"@type\":\"ImageObject\",\"@id\":\"http:\/\/www.newcag.be\/fr\/pilote-de-ligne\/formation-de-pilote-de-ligne\/la-formation-en-details\/module-3-acquerir-lexperience-minimum\/#primaryimage\",\"inLanguage\":\"fr-FR\",\"url\":\"https:\/\/www.newcag.be\/wp-content\/uploads\/2016\/04\/JNV_0317.jpg\",\"width\":3500,\"height\":2337},{\"@type\":\"WebPage\",\"@id\":\"http:\/\/www.newcag.be\/fr\/pilote-de-ligne\/formation-de-pilote-de-ligne\/la-formation-en-details\/module-3-acquerir-lexperience-minimum\/#webpage\",\"url\":\"http:\/\/www.newcag.be\/fr\/pilote-de-ligne\/formation-de-pilote-de-ligne\/la-formation-en-details\/module-3-acquerir-lexperience-minimum\/\",\"name\":\"Module 3 : Acqu\\u00e9rir l'exp\\u00e9rience minimum - Air Academy New CAG\",\"isPartOf\":{\"@id\":\"http:\/\/www.newcag.be\/fr\/#website\"},\"primaryImageOfPage\":{\"@id\":\"http:\/\/www.newcag.be\/fr\/pilote-de-ligne\/formation-de-pilote-de-ligne\/la-formation-en-details\/module-3-acquerir-lexperience-minimum\/#primaryimage\"},\"datePublished\":\"2016-04-13T10:55:39+00:00\",\"dateModified\":\"2016-07-19T13:39:02+00:00\",\"inLanguage\":\"fr-FR\",\"potentialAction\":[{\"@type\":\"ReadAction\",\"target\":[\"http:\/\/www.newcag.be\/fr\/pilote-de-ligne\/formation-de-pilote-de-ligne\/la-formation-en-details\/module-3-acquerir-lexperience-minimum\/\"]}]}]}<\/script>\n<!-- \/ Yoast SEO plugin. -->","_links":{"self":[{"href":"https:\/\/www.newcag.be\/fr\/wp-json\/wp\/v2\/pages\/344","targetHints":{"allow":["GET"]}}],"collection":[{"href":"https:\/\/www.newcag.be\/fr\/wp-json\/wp\/v2\/pages"}],"about":[{"href":"https:\/\/www.newcag.be\/fr\/wp-json\/wp\/v2\/types\/page"}],"author":[{"embeddable":true,"href":"https:\/\/www.newcag.be\/fr\/wp-json\/wp\/v2\/users\/2"}],"replies":[{"embeddable":true,"href":"https:\/\/www.newcag.be\/fr\/wp-json\/wp\/v2\/comments?post=344"}],"version-history":[{"count":4,"href":"https:\/\/www.newcag.be\/fr\/wp-json\/wp\/v2\/pages\/344\/revisions"}],"predecessor-version":[{"id":750,"href":"https:\/\/www.newcag.be\/fr\/wp-json\/wp\/v2\/pages\/344\/revisions\/750"}],"up":[{"embeddable":true,"href":"https:\/\/www.newcag.be\/fr\/wp-json\/wp\/v2\/pages\/159"}],"wp:featuredmedia":[{"embeddable":true,"href":"https:\/\/www.newcag.be\/fr\/wp-json\/wp\/v2\/media\/186"}],"wp:attachment":[{"href":"https:\/\/www.newcag.be\/fr\/wp-json\/wp\/v2\/media?parent=344"}],"curies":[{"name":"wp","href":"https:\/\/api.w.org\/{rel}","templated":true}]}}