{"id":341,"date":"2016-04-13T11:48:44","date_gmt":"2016-04-13T10:48:44","guid":{"rendered":"http:\/\/newcag.be\/fr\/?page_id=341"},"modified":"2020-09-10T10:40:56","modified_gmt":"2020-09-10T08:40:56","slug":"module-2-suivre-cours-theorique-pilote-de-ligne-atpl","status":"publish","type":"page","link":"https:\/\/www.newcag.be\/fr\/pilote-de-ligne\/formation-de-pilote-de-ligne\/la-formation-en-details\/module-2-suivre-cours-theorique-pilote-de-ligne-atpl\/","title":{"rendered":"Module 2 : Suivre le cours th\u00e9orique Pilote de Ligne (ATPL)"},"content":{"rendered":"<p><span style=\"color: #b10125;\"><strong>Pr\u00e9requis \u00e0 la formation<\/strong><\/span><\/p>\n<p>Le pr\u00e9requis pour d\u00e9buter les cours ATPL est le PPL.<\/p>\n<p><span style=\"color: #b10125;\"><strong>\u00a0La formation th\u00e9orique en d\u00e9tails<\/strong><\/span><\/p>\n<p>Les cours sont donn\u00e9s \u00e0 Charleroi dans nos locaux du lundi au vendredi de 9h \u00e0 12h et de 13h30 \u00e0 16h30.<\/p>\n<p>Il y a deux blocs de trois mois. Le premier commence au mois de septembre et le deuxi\u00e8me en f\u00e9vrier.<\/p>\n<p>La formation th\u00e9orique n\u00e9cessite la connaissance de la langue anglaise.<\/p>\n<p>Le programme complet se divise en 14 mati\u00e8res comme suit :<\/p>\n<ul>\n<li>R\u00e9glementation a\u00e9rienne<\/li>\n<li>Cellules &amp; syst\u00e8mes, \u00e9lectricit\u00e9 &amp; \u00e9lectronique, moteurs<\/li>\n<li>Instrumentation<\/li>\n<li>Masse &amp; centrage<\/li>\n<li>Performance<\/li>\n<li>Planification et surveillance du vol<\/li>\n<li>Performances et limitations humaines<\/li>\n<li>M\u00e9t\u00e9orologie<\/li>\n<li>Navigation g\u00e9n\u00e9rale<\/li>\n<li>Radionavigation<\/li>\n<li>Proc\u00e9dures op\u00e9rationnelles<\/li>\n<li>Principes de vol<\/li>\n<li>Communications VFR<\/li>\n<li>Communications IFR<\/li>\n<\/ul>\n<p>Il est \u00e9galement possible de suivre ces cours en distance learning.<\/p>\n<p>L&rsquo;examen th\u00e9orique se fait sur ordinateur, scind\u00e9 en deux parties.<\/p>\n<p>L&rsquo;examen comporte des Questions \u00e0 Choix Multiple (QCM), portant sur les 14 mati\u00e8res pr\u00e9sent\u00e9es.<\/p>\n<p>Le candidat doit obtenir 75% dans chacune de ces mati\u00e8res pour satisfaire \u00e0 l&rsquo;examen.<\/p>\n<p>Vous passez l&rsquo;examen dans les locaux de l&rsquo;administration de l&rsquo;a\u00e9ronautique \u00e0 Bruxelles.<\/p>\n","protected":false},"excerpt":{"rendered":"<p>Pr\u00e9requis \u00e0 la formation Le pr\u00e9requis pour d\u00e9buter les cours ATPL est le PPL. \u00a0La formation th\u00e9orique en d\u00e9tails Les cours sont donn\u00e9s \u00e0 Charleroi dans nos locaux du lundi au vendredi de 9h \u00e0 12h et de 13h30 \u00e0 16h30. Il y a deux blocs de trois mois. Le premier commence au mois de &hellip;<\/p>\n","protected":false},"author":2,"featured_media":131,"parent":159,"menu_order":63,"comment_status":"closed","ping_status":"closed","template":"","meta":{"footnotes":""},"class_list":["post-341","page","type-page","status-publish","has-post-thumbnail","hentry"],"yoast_head":"<!-- This site is optimized with the Yoast SEO plugin v15.2 - https:\/\/yoast.com\/wordpress\/plugins\/seo\/ -->\n<meta name=\"robots\" content=\"index, follow, max-snippet:-1, max-image-preview:large, max-video-preview:-1\" \/>\n<link rel=\"canonical\" href=\"https:\/\/www.newcag.be\/fr\/pilote-de-ligne\/formation-de-pilote-de-ligne\/la-formation-en-details\/module-2-suivre-cours-theorique-pilote-de-ligne-atpl\/\" \/>\n<meta property=\"og:locale\" content=\"fr_FR\" \/>\n<meta property=\"og:type\" content=\"article\" \/>\n<meta property=\"og:title\" content=\"Module 2 : Suivre le cours th\u00e9orique Pilote de Ligne (ATPL) - Air Academy New CAG\" \/>\n<meta property=\"og:description\" content=\"Pr\u00e9requis \u00e0 la formation Le pr\u00e9requis pour d\u00e9buter les cours ATPL est le PPL. \u00a0La formation th\u00e9orique en d\u00e9tails Les cours sont donn\u00e9s \u00e0 Charleroi dans nos locaux du lundi au vendredi de 9h \u00e0 12h et de 13h30 \u00e0 16h30. Il y a deux blocs de trois mois. Le premier commence au mois de &hellip;\" \/>\n<meta property=\"og:url\" content=\"https:\/\/www.newcag.be\/fr\/pilote-de-ligne\/formation-de-pilote-de-ligne\/la-formation-en-details\/module-2-suivre-cours-theorique-pilote-de-ligne-atpl\/\" \/>\n<meta property=\"og:site_name\" content=\"Air Academy New CAG\" \/>\n<meta property=\"article:publisher\" content=\"http:\/\/www.facebook.com\/AirAcademyNewCag\" \/>\n<meta property=\"article:modified_time\" content=\"2020-09-10T08:40:56+00:00\" \/>\n<meta property=\"og:image\" content=\"https:\/\/www.newcag.be\/wp-content\/uploads\/2015\/09\/formations.jpg\" \/>\n\t<meta property=\"og:image:width\" content=\"1200\" \/>\n\t<meta property=\"og:image:height\" content=\"250\" \/>\n<meta name=\"twitter:card\" content=\"summary\" \/>\n<meta name=\"twitter:creator\" content=\"@AA_NCAG\" \/>\n<meta name=\"twitter:site\" content=\"@AA_NCAG\" \/>\n<meta name=\"twitter:label1\" value=\"\u00c9crit par\">\n\t<meta name=\"twitter:data1\" value=\"Denis\">\n\t<meta name=\"twitter:label2\" value=\"Dur\u00e9e de lecture est.\">\n\t<meta name=\"twitter:data2\" value=\"1 minute\">\n<script type=\"application\/ld+json\" class=\"yoast-schema-graph\">{\"@context\":\"https:\/\/schema.org\",\"@graph\":[{\"@type\":\"Organization\",\"@id\":\"http:\/\/www.newcag.be\/fr\/#organization\",\"name\":\"Air Academy New CAG\",\"url\":\"http:\/\/www.newcag.be\/fr\/\",\"sameAs\":[\"http:\/\/www.facebook.com\/AirAcademyNewCag\",\"http:\/\/www.linkedin.com\/company\/air-academy-new-cag\",\"https:\/\/twitter.com\/AA_NCAG\"],\"logo\":{\"@type\":\"ImageObject\",\"@id\":\"http:\/\/www.newcag.be\/fr\/#logo\",\"inLanguage\":\"fr-FR\",\"url\":\"https:\/\/www.newcag.be\/wp-content\/uploads\/2018\/12\/CAG-signature.png\",\"width\":820,\"height\":230,\"caption\":\"Air Academy New CAG\"},\"image\":{\"@id\":\"http:\/\/www.newcag.be\/fr\/#logo\"}},{\"@type\":\"WebSite\",\"@id\":\"http:\/\/www.newcag.be\/fr\/#website\",\"url\":\"http:\/\/www.newcag.be\/fr\/\",\"name\":\"Air Academy New CAG\",\"description\":\"BE-ATO\/005\",\"publisher\":{\"@id\":\"http:\/\/www.newcag.be\/fr\/#organization\"},\"potentialAction\":[{\"@type\":\"SearchAction\",\"target\":\"http:\/\/www.newcag.be\/fr\/?s={search_term_string}\",\"query-input\":\"required name=search_term_string\"}],\"inLanguage\":\"fr-FR\"},{\"@type\":\"ImageObject\",\"@id\":\"https:\/\/www.newcag.be\/fr\/pilote-de-ligne\/formation-de-pilote-de-ligne\/la-formation-en-details\/module-2-suivre-cours-theorique-pilote-de-ligne-atpl\/#primaryimage\",\"inLanguage\":\"fr-FR\",\"url\":\"https:\/\/www.newcag.be\/wp-content\/uploads\/2015\/09\/formations.jpg\",\"width\":1200,\"height\":250},{\"@type\":\"WebPage\",\"@id\":\"https:\/\/www.newcag.be\/fr\/pilote-de-ligne\/formation-de-pilote-de-ligne\/la-formation-en-details\/module-2-suivre-cours-theorique-pilote-de-ligne-atpl\/#webpage\",\"url\":\"https:\/\/www.newcag.be\/fr\/pilote-de-ligne\/formation-de-pilote-de-ligne\/la-formation-en-details\/module-2-suivre-cours-theorique-pilote-de-ligne-atpl\/\",\"name\":\"Module 2 : Suivre le cours th\\u00e9orique Pilote de Ligne (ATPL) - Air Academy New CAG\",\"isPartOf\":{\"@id\":\"http:\/\/www.newcag.be\/fr\/#website\"},\"primaryImageOfPage\":{\"@id\":\"https:\/\/www.newcag.be\/fr\/pilote-de-ligne\/formation-de-pilote-de-ligne\/la-formation-en-details\/module-2-suivre-cours-theorique-pilote-de-ligne-atpl\/#primaryimage\"},\"datePublished\":\"2016-04-13T10:48:44+00:00\",\"dateModified\":\"2020-09-10T08:40:56+00:00\",\"inLanguage\":\"fr-FR\",\"potentialAction\":[{\"@type\":\"ReadAction\",\"target\":[\"https:\/\/www.newcag.be\/fr\/pilote-de-ligne\/formation-de-pilote-de-ligne\/la-formation-en-details\/module-2-suivre-cours-theorique-pilote-de-ligne-atpl\/\"]}]}]}<\/script>\n<!-- \/ Yoast SEO plugin. -->","_links":{"self":[{"href":"https:\/\/www.newcag.be\/fr\/wp-json\/wp\/v2\/pages\/341","targetHints":{"allow":["GET"]}}],"collection":[{"href":"https:\/\/www.newcag.be\/fr\/wp-json\/wp\/v2\/pages"}],"about":[{"href":"https:\/\/www.newcag.be\/fr\/wp-json\/wp\/v2\/types\/page"}],"author":[{"embeddable":true,"href":"https:\/\/www.newcag.be\/fr\/wp-json\/wp\/v2\/users\/2"}],"replies":[{"embeddable":true,"href":"https:\/\/www.newcag.be\/fr\/wp-json\/wp\/v2\/comments?post=341"}],"version-history":[{"count":7,"href":"https:\/\/www.newcag.be\/fr\/wp-json\/wp\/v2\/pages\/341\/revisions"}],"predecessor-version":[{"id":5493,"href":"https:\/\/www.newcag.be\/fr\/wp-json\/wp\/v2\/pages\/341\/revisions\/5493"}],"up":[{"embeddable":true,"href":"https:\/\/www.newcag.be\/fr\/wp-json\/wp\/v2\/pages\/159"}],"wp:featuredmedia":[{"embeddable":true,"href":"https:\/\/www.newcag.be\/fr\/wp-json\/wp\/v2\/media\/131"}],"wp:attachment":[{"href":"https:\/\/www.newcag.be\/fr\/wp-json\/wp\/v2\/media?parent=341"}],"curies":[{"name":"wp","href":"https:\/\/api.w.org\/{rel}","templated":true}]}}