{"id":30,"date":"2015-09-14T15:07:45","date_gmt":"2015-09-14T14:07:45","guid":{"rendered":"http:\/\/newcag.be\/fr\/?page_id=30"},"modified":"2024-04-04T11:41:48","modified_gmt":"2024-04-04T09:41:48","slug":"tarif","status":"publish","type":"page","link":"https:\/\/www.newcag.be\/fr\/pilote-de-ligne\/tarif\/","title":{"rendered":"Tarif"},"content":{"rendered":"<p>Tous nos tarifs incluent la TVA. Les taxes d&rsquo;atterrissages hors Charleroi ne sont pas incluses. Le nombre d&rsquo;heures mentionn\u00e9 est le minimum requis l\u00e9galement. Il est possible n\u00e9anmoins que des heures suppl\u00e9mentaires soient n\u00e9cessaires afin d&rsquo;atteindre le niveau de qualification suffisant.<\/p>\n","protected":false},"excerpt":{"rendered":"<p>Tous nos tarifs incluent la TVA. Les taxes d&rsquo;atterrissages hors Charleroi ne sont pas incluses. Le nombre d&rsquo;heures mentionn\u00e9 est le minimum requis l\u00e9galement. Il est possible n\u00e9anmoins que des heures suppl\u00e9mentaires soient n\u00e9cessaires afin d&rsquo;atteindre le niveau de qualification suffisant.<\/p>\n","protected":false},"author":1,"featured_media":0,"parent":23,"menu_order":66,"comment_status":"closed","ping_status":"closed","template":"","meta":{"footnotes":""},"class_list":["post-30","page","type-page","status-publish","hentry"],"yoast_head":"<!-- This site is optimized with the Yoast SEO plugin v15.2 - https:\/\/yoast.com\/wordpress\/plugins\/seo\/ -->\n<meta name=\"robots\" content=\"index, follow, max-snippet:-1, max-image-preview:large, max-video-preview:-1\" \/>\n<link rel=\"canonical\" href=\"https:\/\/www.newcag.be\/fr\/pilote-de-ligne\/tarif\/\" \/>\n<meta property=\"og:locale\" content=\"fr_FR\" \/>\n<meta property=\"og:type\" content=\"article\" \/>\n<meta property=\"og:title\" content=\"Tarif - Air Academy New CAG\" \/>\n<meta property=\"og:description\" content=\"Tous nos tarifs incluent la TVA. Les taxes d&rsquo;atterrissages hors Charleroi ne sont pas incluses. Le nombre d&rsquo;heures mentionn\u00e9 est le minimum requis l\u00e9galement. Il est possible n\u00e9anmoins que des heures suppl\u00e9mentaires soient n\u00e9cessaires afin d&rsquo;atteindre le niveau de qualification suffisant.\" \/>\n<meta property=\"og:url\" content=\"https:\/\/www.newcag.be\/fr\/pilote-de-ligne\/tarif\/\" \/>\n<meta property=\"og:site_name\" content=\"Air Academy New CAG\" \/>\n<meta property=\"article:publisher\" content=\"http:\/\/www.facebook.com\/AirAcademyNewCag\" \/>\n<meta property=\"article:modified_time\" content=\"2024-04-04T09:41:48+00:00\" \/>\n<meta name=\"twitter:card\" content=\"summary\" \/>\n<meta name=\"twitter:creator\" content=\"@AA_NCAG\" \/>\n<meta name=\"twitter:site\" content=\"@AA_NCAG\" \/>\n<meta name=\"twitter:label1\" value=\"\u00c9crit par\">\n\t<meta name=\"twitter:data1\" value=\"Gilles\">\n\t<meta name=\"twitter:label2\" value=\"Dur\u00e9e de lecture est.\">\n\t<meta name=\"twitter:data2\" value=\"0 minute\">\n<script type=\"application\/ld+json\" class=\"yoast-schema-graph\">{\"@context\":\"https:\/\/schema.org\",\"@graph\":[{\"@type\":\"Organization\",\"@id\":\"http:\/\/www.newcag.be\/fr\/#organization\",\"name\":\"Air Academy New CAG\",\"url\":\"http:\/\/www.newcag.be\/fr\/\",\"sameAs\":[\"http:\/\/www.facebook.com\/AirAcademyNewCag\",\"http:\/\/www.linkedin.com\/company\/air-academy-new-cag\",\"https:\/\/twitter.com\/AA_NCAG\"],\"logo\":{\"@type\":\"ImageObject\",\"@id\":\"http:\/\/www.newcag.be\/fr\/#logo\",\"inLanguage\":\"fr-FR\",\"url\":\"https:\/\/www.newcag.be\/wp-content\/uploads\/2018\/12\/CAG-signature.png\",\"width\":820,\"height\":230,\"caption\":\"Air Academy New CAG\"},\"image\":{\"@id\":\"http:\/\/www.newcag.be\/fr\/#logo\"}},{\"@type\":\"WebSite\",\"@id\":\"http:\/\/www.newcag.be\/fr\/#website\",\"url\":\"http:\/\/www.newcag.be\/fr\/\",\"name\":\"Air Academy New CAG\",\"description\":\"BE-ATO\/005\",\"publisher\":{\"@id\":\"http:\/\/www.newcag.be\/fr\/#organization\"},\"potentialAction\":[{\"@type\":\"SearchAction\",\"target\":\"http:\/\/www.newcag.be\/fr\/?s={search_term_string}\",\"query-input\":\"required name=search_term_string\"}],\"inLanguage\":\"fr-FR\"},{\"@type\":\"WebPage\",\"@id\":\"https:\/\/www.newcag.be\/fr\/pilote-de-ligne\/tarif\/#webpage\",\"url\":\"https:\/\/www.newcag.be\/fr\/pilote-de-ligne\/tarif\/\",\"name\":\"Tarif - Air Academy New CAG\",\"isPartOf\":{\"@id\":\"http:\/\/www.newcag.be\/fr\/#website\"},\"datePublished\":\"2015-09-14T14:07:45+00:00\",\"dateModified\":\"2024-04-04T09:41:48+00:00\",\"inLanguage\":\"fr-FR\",\"potentialAction\":[{\"@type\":\"ReadAction\",\"target\":[\"https:\/\/www.newcag.be\/fr\/pilote-de-ligne\/tarif\/\"]}]}]}<\/script>\n<!-- \/ Yoast SEO plugin. -->","_links":{"self":[{"href":"https:\/\/www.newcag.be\/fr\/wp-json\/wp\/v2\/pages\/30","targetHints":{"allow":["GET"]}}],"collection":[{"href":"https:\/\/www.newcag.be\/fr\/wp-json\/wp\/v2\/pages"}],"about":[{"href":"https:\/\/www.newcag.be\/fr\/wp-json\/wp\/v2\/types\/page"}],"author":[{"embeddable":true,"href":"https:\/\/www.newcag.be\/fr\/wp-json\/wp\/v2\/users\/1"}],"replies":[{"embeddable":true,"href":"https:\/\/www.newcag.be\/fr\/wp-json\/wp\/v2\/comments?post=30"}],"version-history":[{"count":51,"href":"https:\/\/www.newcag.be\/fr\/wp-json\/wp\/v2\/pages\/30\/revisions"}],"predecessor-version":[{"id":5653,"href":"https:\/\/www.newcag.be\/fr\/wp-json\/wp\/v2\/pages\/30\/revisions\/5653"}],"up":[{"embeddable":true,"href":"https:\/\/www.newcag.be\/fr\/wp-json\/wp\/v2\/pages\/23"}],"wp:attachment":[{"href":"https:\/\/www.newcag.be\/fr\/wp-json\/wp\/v2\/media?parent=30"}],"curies":[{"name":"wp","href":"https:\/\/api.w.org\/{rel}","templated":true}]}}