{"id":28,"date":"2015-09-14T15:07:25","date_gmt":"2015-09-14T14:07:25","guid":{"rendered":"http:\/\/newcag.be\/fr\/?page_id=28"},"modified":"2016-09-15T16:16:57","modified_gmt":"2016-09-15T14:16:57","slug":"formation-de-pilote-de-ligne","status":"publish","type":"page","link":"https:\/\/www.newcag.be\/fr\/pilote-de-ligne\/formation-de-pilote-de-ligne\/","title":{"rendered":"Formation de pilote de ligne"},"content":{"rendered":"<p><span style=\"color: #69baec;\"><strong>Vous souhaitez vous lancer dans une carri\u00e8re de pilote? Venez suivre avec nous votre formation de Pilote de ligne. Passez votre ATPL th\u00e9orique et devenez pilote professionnel.<\/strong><\/span><\/p>\n<p><strong>Air Academy New Cag a opt\u00e9 pour une formation de type modulaire.<\/strong><\/p>\n<p>&nbsp;<\/p>\n<p>Les principaux avantages d&rsquo;une formation de type modulaire sont:<\/p>\n<ul>\n<li>Un meilleur contr\u00f4le de vos d\u00e9penses.<\/li>\n<li>Une progression \u00e0 votre propre rythme.<\/li>\n<li>La possibilit\u00e9 d&rsquo;\u00e9taler votre formation dans le temps en suspendant \u00e9ventuellement celle-ci entre deux modules.<\/li>\n<li>Chaque module donne acc\u00e8s \u00e0 une licence ou une qualification effective.<\/li>\n<\/ul>\n<p>Au terme de votre cursus :<\/p>\n<ul>\n<li>Vous pouvez exercer les privil\u00e8ges d&rsquo;une licence de Pilote Professionnel (CPL).<\/li>\n<li>Vous d\u00e9tenez les qualifications pour :<\/li>\n<li>Effectuer des vols en avion monomoteur (SEP) et bimoteur \u00e0 piston (MEP).<\/li>\n<li>Effectuer des vols en condition de vol \u00e0 vue (VFR) et en condition de vol aux instruments (IFR)<\/li>\n<li>Vous poss\u00e9dez une attestation de fr\u00e9quentation d&rsquo;un cours Multi-Crew Cooperation (MCC).<\/li>\n<\/ul>\n<p><!-- \/* 15pJQhrPh3XJCUOiaQCa62html *\/ --><!-- 5YlbcZsXEa --><!-- \/* 1uqjsQSyWVhmOHAEVa1i62html *\/ --><\/p>\n","protected":false},"excerpt":{"rendered":"<p>Vous souhaitez vous lancer dans une carri\u00e8re de pilote? Venez suivre avec nous votre formation de Pilote de ligne. Passez votre ATPL th\u00e9orique et devenez pilote professionnel. Air Academy New Cag a opt\u00e9 pour une formation de type modulaire. &nbsp; Les principaux avantages d&rsquo;une formation de type modulaire sont: Un meilleur contr\u00f4le de vos d\u00e9penses. &hellip;<\/p>\n","protected":false},"author":1,"featured_media":376,"parent":23,"menu_order":44,"comment_status":"closed","ping_status":"closed","template":"template-formation-pilote-de-ligne.php","meta":{"footnotes":""},"class_list":["post-28","page","type-page","status-publish","has-post-thumbnail","hentry"],"yoast_head":"<!-- This site is optimized with the Yoast SEO plugin v15.2 - https:\/\/yoast.com\/wordpress\/plugins\/seo\/ -->\n<meta name=\"robots\" content=\"index, follow, max-snippet:-1, max-image-preview:large, max-video-preview:-1\" \/>\n<link rel=\"canonical\" href=\"https:\/\/www.newcag.be\/fr\/pilote-de-ligne\/formation-de-pilote-de-ligne\/\" \/>\n<meta property=\"og:locale\" content=\"fr_FR\" \/>\n<meta property=\"og:type\" content=\"article\" \/>\n<meta property=\"og:title\" content=\"Formation de pilote de ligne - Air Academy New CAG\" \/>\n<meta property=\"og:description\" content=\"Vous souhaitez vous lancer dans une carri\u00e8re de pilote? Venez suivre avec nous votre formation de Pilote de ligne. Passez votre ATPL th\u00e9orique et devenez pilote professionnel. Air Academy New Cag a opt\u00e9 pour une formation de type modulaire. &nbsp; Les principaux avantages d&rsquo;une formation de type modulaire sont: Un meilleur contr\u00f4le de vos d\u00e9penses. &hellip;\" \/>\n<meta property=\"og:url\" content=\"https:\/\/www.newcag.be\/fr\/pilote-de-ligne\/formation-de-pilote-de-ligne\/\" \/>\n<meta property=\"og:site_name\" content=\"Air Academy New CAG\" \/>\n<meta property=\"article:publisher\" content=\"http:\/\/www.facebook.com\/AirAcademyNewCag\" \/>\n<meta property=\"article:modified_time\" content=\"2016-09-15T14:16:57+00:00\" \/>\n<meta property=\"og:image\" content=\"https:\/\/www.newcag.be\/wp-content\/uploads\/2016\/04\/PM.png\" \/>\n\t<meta property=\"og:image:width\" content=\"1479\" \/>\n\t<meta property=\"og:image:height\" content=\"471\" \/>\n<meta name=\"twitter:card\" content=\"summary\" \/>\n<meta name=\"twitter:creator\" content=\"@AA_NCAG\" \/>\n<meta name=\"twitter:site\" content=\"@AA_NCAG\" \/>\n<meta name=\"twitter:label1\" value=\"\u00c9crit par\">\n\t<meta name=\"twitter:data1\" value=\"Gilles\">\n\t<meta name=\"twitter:label2\" value=\"Dur\u00e9e de lecture est.\">\n\t<meta name=\"twitter:data2\" value=\"1 minute\">\n<script type=\"application\/ld+json\" class=\"yoast-schema-graph\">{\"@context\":\"https:\/\/schema.org\",\"@graph\":[{\"@type\":\"Organization\",\"@id\":\"http:\/\/www.newcag.be\/fr\/#organization\",\"name\":\"Air Academy New CAG\",\"url\":\"http:\/\/www.newcag.be\/fr\/\",\"sameAs\":[\"http:\/\/www.facebook.com\/AirAcademyNewCag\",\"http:\/\/www.linkedin.com\/company\/air-academy-new-cag\",\"https:\/\/twitter.com\/AA_NCAG\"],\"logo\":{\"@type\":\"ImageObject\",\"@id\":\"http:\/\/www.newcag.be\/fr\/#logo\",\"inLanguage\":\"fr-FR\",\"url\":\"https:\/\/www.newcag.be\/wp-content\/uploads\/2018\/12\/CAG-signature.png\",\"width\":820,\"height\":230,\"caption\":\"Air Academy New CAG\"},\"image\":{\"@id\":\"http:\/\/www.newcag.be\/fr\/#logo\"}},{\"@type\":\"WebSite\",\"@id\":\"http:\/\/www.newcag.be\/fr\/#website\",\"url\":\"http:\/\/www.newcag.be\/fr\/\",\"name\":\"Air Academy New CAG\",\"description\":\"BE-ATO\/005\",\"publisher\":{\"@id\":\"http:\/\/www.newcag.be\/fr\/#organization\"},\"potentialAction\":[{\"@type\":\"SearchAction\",\"target\":\"http:\/\/www.newcag.be\/fr\/?s={search_term_string}\",\"query-input\":\"required name=search_term_string\"}],\"inLanguage\":\"fr-FR\"},{\"@type\":\"ImageObject\",\"@id\":\"https:\/\/www.newcag.be\/fr\/pilote-de-ligne\/formation-de-pilote-de-ligne\/#primaryimage\",\"inLanguage\":\"fr-FR\",\"url\":\"https:\/\/www.newcag.be\/wp-content\/uploads\/2016\/04\/PM.png\",\"width\":1479,\"height\":471},{\"@type\":\"WebPage\",\"@id\":\"https:\/\/www.newcag.be\/fr\/pilote-de-ligne\/formation-de-pilote-de-ligne\/#webpage\",\"url\":\"https:\/\/www.newcag.be\/fr\/pilote-de-ligne\/formation-de-pilote-de-ligne\/\",\"name\":\"Formation de pilote de ligne - Air Academy New CAG\",\"isPartOf\":{\"@id\":\"http:\/\/www.newcag.be\/fr\/#website\"},\"primaryImageOfPage\":{\"@id\":\"https:\/\/www.newcag.be\/fr\/pilote-de-ligne\/formation-de-pilote-de-ligne\/#primaryimage\"},\"datePublished\":\"2015-09-14T14:07:25+00:00\",\"dateModified\":\"2016-09-15T14:16:57+00:00\",\"inLanguage\":\"fr-FR\",\"potentialAction\":[{\"@type\":\"ReadAction\",\"target\":[\"https:\/\/www.newcag.be\/fr\/pilote-de-ligne\/formation-de-pilote-de-ligne\/\"]}]}]}<\/script>\n<!-- \/ Yoast SEO plugin. -->","_links":{"self":[{"href":"https:\/\/www.newcag.be\/fr\/wp-json\/wp\/v2\/pages\/28","targetHints":{"allow":["GET"]}}],"collection":[{"href":"https:\/\/www.newcag.be\/fr\/wp-json\/wp\/v2\/pages"}],"about":[{"href":"https:\/\/www.newcag.be\/fr\/wp-json\/wp\/v2\/types\/page"}],"author":[{"embeddable":true,"href":"https:\/\/www.newcag.be\/fr\/wp-json\/wp\/v2\/users\/1"}],"replies":[{"embeddable":true,"href":"https:\/\/www.newcag.be\/fr\/wp-json\/wp\/v2\/comments?post=28"}],"version-history":[{"count":221,"href":"https:\/\/www.newcag.be\/fr\/wp-json\/wp\/v2\/pages\/28\/revisions"}],"predecessor-version":[{"id":5001,"href":"https:\/\/www.newcag.be\/fr\/wp-json\/wp\/v2\/pages\/28\/revisions\/5001"}],"up":[{"embeddable":true,"href":"https:\/\/www.newcag.be\/fr\/wp-json\/wp\/v2\/pages\/23"}],"wp:featuredmedia":[{"embeddable":true,"href":"https:\/\/www.newcag.be\/fr\/wp-json\/wp\/v2\/media\/376"}],"wp:attachment":[{"href":"https:\/\/www.newcag.be\/fr\/wp-json\/wp\/v2\/media?parent=28"}],"curies":[{"name":"wp","href":"https:\/\/api.w.org\/{rel}","templated":true}]}}