{"id":272,"date":"2016-04-08T08:55:34","date_gmt":"2016-04-08T07:55:34","guid":{"rendered":"http:\/\/newcag.be\/fr\/?page_id=272"},"modified":"2023-10-03T10:44:03","modified_gmt":"2023-10-03T08:44:03","slug":"ecole-daviation","status":"publish","type":"page","link":"https:\/\/www.newcag.be\/fr\/ecole-daviation\/ecole-daviation\/","title":{"rendered":"Ecole d&rsquo;aviation"},"content":{"rendered":"<p><span style=\"color: #b10125;\"><strong>Pr\u00e9sentation<\/strong><\/span><\/p>\n<p><strong>\u00a0<\/strong>Air Academy New CAG est une \u00e9cole de pilotage cr\u00e9e en 1976 et approuv\u00e9e ATO (Approved Training Organization), selon les nouvelles normes europ\u00e9ennes PART-ARO en ce qui concerne la formation de pilotes de tous niveaux.<\/p>\n<p>Les programmes de formation organis\u00e9s par Air Academy New CAG sont connus pour leur grande efficacit\u00e9. Nos installations modernes, nos \u00e9quipements r\u00e9cents, notre importante flotte d&rsquo;avions particuli\u00e8rement bien \u00e9quip\u00e9s et entretenus, ainsi que nos instructeurs nous permettent de mettre \u00e0 la disposition de nos \u00e9l\u00e8ves un outil d&rsquo;entra\u00eenement particuli\u00e8rement performant. Notre exp\u00e9rience en formation de pilotes est une des meilleures en Belgique et notre taux de r\u00e9ussite aux examens officiels de l&rsquo;Administration est exceptionnellement \u00e9lev\u00e9 depuis de nombreuses ann\u00e9es.<\/p>\n<p>Pour vous y pr\u00e9parer, Air Academy New CAG vous propose un programme complet de cours th\u00e9oriques et pratiques, \u00e9labor\u00e9s et con\u00e7us d&rsquo;apr\u00e8s l&rsquo;exp\u00e9rience acquise par nos instructeurs dans l&rsquo;art du pilotage des avions l\u00e9gers, allant du monomoteur le plus simple jusqu&rsquo;au bimoteur le plus complexe.<\/p>\n<p>Air Academy New CAG a form\u00e9 plusieurs centaines de pilotes priv\u00e9s et professionnels dont certains sont actuellement employ\u00e9s dans des compagnies a\u00e9riennes du monde entier.<\/p>\n<p><strong><span style=\"color: #b10125;\">Historique\u00a0<\/span><\/strong><\/p>\n<p>Air Academy New CAG est fond\u00e9 en 1976 sur l&rsquo;a\u00e9roport de Charleroi Bruxelles Sud (Gosselies)<\/p>\n<p>En 2000, il obtient l&rsquo;agr\u00e9ment JAA de FTO (Flight Training Organisation) r\u00e9serv\u00e9 aux centres de formations professionnels<\/p>\n<p>En 2013, avec le passage \u00e0 la r\u00e8glementation EASA, il obtient l&rsquo;agr\u00e9ment BE\/ATO-005 et \u00e9tend ses activit\u00e9s \u00e0 Saint-Hubert en int\u00e9grant Airlib, une \u00e9cole de pilote priv\u00e9 avion ainsi que sa flotte.<\/p>\n<p>En 2014, il int\u00e8gre dans sa flotte deux Diamond DA40 et positionne un Cessna 152 \u00e0 Saint-Hubert pour porter la flotte locale \u00e0 4 avions.<\/p>\n<p>En 2015, Air Academy New CAG acquiert un nouveau simulateur Alsim Diamond DA42 pour la formation au vol aux instruments et remplace ses Cessna 182 par des avions Diamond DA42. L&rsquo;ensemble de la formation de pilote IFR et CPL se d\u00e9roule dor\u00e9navant principalement sur avion bi-moteur Diamond DA42.<\/p>\n<p>En mai 2015, Air Academy New CAG acquiert un second avion Diamond DA42.<\/p>\n<p>Dans un objectif d&rsquo;harmonisation et de modernisation de la flotte, le centre de formation a rapidement mis \u00e0 jour sa flotte d&rsquo;avions IFR aux derni\u00e8res normes PBN (RNAV\/RNP approaches) en 2016 ainsi que proc\u00e9d\u00e9 \u00e0 l&rsquo;achat des nouveaux avions belges Sonaca 200 de Sonaca Aircraft.<\/p>\n<p>A ce jour, la flotte d&rsquo;Air Academy New CAG est compos\u00e9e de 6 Sonaca 200, 6 Diamond Da40, 3 Diamond Da42, 1 simulateur FNPT II Alsim AL42 et d&rsquo;1 Extra 330LX<\/p>\n<p><span style=\"color: #b10125;\"><strong>Situation<\/strong><\/span><\/p>\n<p>Air Academy New CAG exerce ses activit\u00e9s sur l&rsquo;a\u00e9roport international de Charleroi Bruxelles Sud et sur l\u2019a\u00e9rodrome de Saint-Hubert. Ceci permet de b\u00e9n\u00e9ficier d&rsquo;une infrastructure a\u00e9roportuaire de 1<sup>\u00e8re<\/sup> classe, d&rsquo;un contr\u00f4le a\u00e9rien de qualit\u00e9, de services m\u00e9t\u00e9orologiques et de possibilit\u00e9s douani\u00e8res.<\/p>\n<p>L&rsquo;\u00e9l\u00e8ve y est de plus amen\u00e9 \u00e0 s&rsquo;int\u00e9grer dans le trafic d&rsquo;un grand a\u00e9roport international, ce qui constitue un acquis d&rsquo;exp\u00e9rience inestimable.<\/p>\n<p>L&rsquo;a\u00e9roport est tr\u00e8s facile d&rsquo;acc\u00e8s, au c\u0153ur d&rsquo;un n\u0153ud autoroutier le reliant aux principales villes du pays. Le cadre y est parfait pour l&rsquo;aviation g\u00e9n\u00e9rale et plus particuli\u00e8rement pour l&rsquo;\u00e9colage.<\/p>\n","protected":false},"excerpt":{"rendered":"<p>Pr\u00e9sentation \u00a0Air Academy New CAG est une \u00e9cole de pilotage cr\u00e9e en 1976 et approuv\u00e9e ATO (Approved Training Organization), selon les nouvelles normes europ\u00e9ennes PART-ARO en ce qui concerne la formation de pilotes de tous niveaux. Les programmes de formation organis\u00e9s par Air Academy New CAG sont connus pour leur grande efficacit\u00e9. Nos installations modernes, &hellip;<\/p>\n","protected":false},"author":2,"featured_media":658,"parent":14,"menu_order":72,"comment_status":"closed","ping_status":"closed","template":"","meta":{"footnotes":""},"class_list":["post-272","page","type-page","status-publish","has-post-thumbnail","hentry"],"yoast_head":"<!-- This site is optimized with the Yoast SEO plugin v15.2 - https:\/\/yoast.com\/wordpress\/plugins\/seo\/ -->\n<meta name=\"robots\" content=\"index, follow, max-snippet:-1, max-image-preview:large, max-video-preview:-1\" \/>\n<link rel=\"canonical\" href=\"https:\/\/www.newcag.be\/fr\/ecole-daviation\/ecole-daviation\/\" \/>\n<meta property=\"og:locale\" content=\"fr_FR\" \/>\n<meta property=\"og:type\" content=\"article\" \/>\n<meta property=\"og:title\" content=\"Ecole d&#039;aviation - Air Academy New CAG\" \/>\n<meta property=\"og:description\" content=\"Pr\u00e9sentation \u00a0Air Academy New CAG est une \u00e9cole de pilotage cr\u00e9e en 1976 et approuv\u00e9e ATO (Approved Training Organization), selon les nouvelles normes europ\u00e9ennes PART-ARO en ce qui concerne la formation de pilotes de tous niveaux. Les programmes de formation organis\u00e9s par Air Academy New CAG sont connus pour leur grande efficacit\u00e9. Nos installations modernes, &hellip;\" \/>\n<meta property=\"og:url\" content=\"https:\/\/www.newcag.be\/fr\/ecole-daviation\/ecole-daviation\/\" \/>\n<meta property=\"og:site_name\" content=\"Air Academy New CAG\" \/>\n<meta property=\"article:publisher\" content=\"http:\/\/www.facebook.com\/AirAcademyNewCag\" \/>\n<meta property=\"article:modified_time\" content=\"2023-10-03T08:44:03+00:00\" \/>\n<meta property=\"og:image\" content=\"https:\/\/www.newcag.be\/wp-content\/uploads\/2016\/04\/AirAcademy-2-e1461157837549.jpg\" \/>\n\t<meta property=\"og:image:width\" content=\"2902\" \/>\n\t<meta property=\"og:image:height\" content=\"579\" \/>\n<meta name=\"twitter:card\" content=\"summary\" \/>\n<meta name=\"twitter:creator\" content=\"@AA_NCAG\" \/>\n<meta name=\"twitter:site\" content=\"@AA_NCAG\" \/>\n<meta name=\"twitter:label1\" value=\"\u00c9crit par\">\n\t<meta name=\"twitter:data1\" value=\"Denis\">\n\t<meta name=\"twitter:label2\" value=\"Dur\u00e9e de lecture est.\">\n\t<meta name=\"twitter:data2\" value=\"2 minutes\">\n<script type=\"application\/ld+json\" class=\"yoast-schema-graph\">{\"@context\":\"https:\/\/schema.org\",\"@graph\":[{\"@type\":\"Organization\",\"@id\":\"https:\/\/www.newcag.be\/fr\/#organization\",\"name\":\"Air Academy New CAG\",\"url\":\"https:\/\/www.newcag.be\/fr\/\",\"sameAs\":[\"http:\/\/www.facebook.com\/AirAcademyNewCag\",\"http:\/\/www.linkedin.com\/company\/air-academy-new-cag\",\"https:\/\/twitter.com\/AA_NCAG\"],\"logo\":{\"@type\":\"ImageObject\",\"@id\":\"https:\/\/www.newcag.be\/fr\/#logo\",\"inLanguage\":\"fr-FR\",\"url\":\"https:\/\/www.newcag.be\/wp-content\/uploads\/2018\/12\/CAG-signature.png\",\"width\":820,\"height\":230,\"caption\":\"Air Academy New CAG\"},\"image\":{\"@id\":\"https:\/\/www.newcag.be\/fr\/#logo\"}},{\"@type\":\"WebSite\",\"@id\":\"https:\/\/www.newcag.be\/fr\/#website\",\"url\":\"https:\/\/www.newcag.be\/fr\/\",\"name\":\"Air Academy New CAG\",\"description\":\"BE-ATO\/005\",\"publisher\":{\"@id\":\"https:\/\/www.newcag.be\/fr\/#organization\"},\"potentialAction\":[{\"@type\":\"SearchAction\",\"target\":\"https:\/\/www.newcag.be\/fr\/?s={search_term_string}\",\"query-input\":\"required name=search_term_string\"}],\"inLanguage\":\"fr-FR\"},{\"@type\":\"ImageObject\",\"@id\":\"https:\/\/www.newcag.be\/fr\/ecole-daviation\/ecole-daviation\/#primaryimage\",\"inLanguage\":\"fr-FR\",\"url\":\"https:\/\/www.newcag.be\/wp-content\/uploads\/2016\/04\/AirAcademy-2-e1461157837549.jpg\",\"width\":2902,\"height\":579},{\"@type\":\"WebPage\",\"@id\":\"https:\/\/www.newcag.be\/fr\/ecole-daviation\/ecole-daviation\/#webpage\",\"url\":\"https:\/\/www.newcag.be\/fr\/ecole-daviation\/ecole-daviation\/\",\"name\":\"Ecole d'aviation - Air Academy New CAG\",\"isPartOf\":{\"@id\":\"https:\/\/www.newcag.be\/fr\/#website\"},\"primaryImageOfPage\":{\"@id\":\"https:\/\/www.newcag.be\/fr\/ecole-daviation\/ecole-daviation\/#primaryimage\"},\"datePublished\":\"2016-04-08T07:55:34+00:00\",\"dateModified\":\"2023-10-03T08:44:03+00:00\",\"inLanguage\":\"fr-FR\",\"potentialAction\":[{\"@type\":\"ReadAction\",\"target\":[\"https:\/\/www.newcag.be\/fr\/ecole-daviation\/ecole-daviation\/\"]}]}]}<\/script>\n<!-- \/ Yoast SEO plugin. -->","_links":{"self":[{"href":"https:\/\/www.newcag.be\/fr\/wp-json\/wp\/v2\/pages\/272","targetHints":{"allow":["GET"]}}],"collection":[{"href":"https:\/\/www.newcag.be\/fr\/wp-json\/wp\/v2\/pages"}],"about":[{"href":"https:\/\/www.newcag.be\/fr\/wp-json\/wp\/v2\/types\/page"}],"author":[{"embeddable":true,"href":"https:\/\/www.newcag.be\/fr\/wp-json\/wp\/v2\/users\/2"}],"replies":[{"embeddable":true,"href":"https:\/\/www.newcag.be\/fr\/wp-json\/wp\/v2\/comments?post=272"}],"version-history":[{"count":5,"href":"https:\/\/www.newcag.be\/fr\/wp-json\/wp\/v2\/pages\/272\/revisions"}],"predecessor-version":[{"id":5632,"href":"https:\/\/www.newcag.be\/fr\/wp-json\/wp\/v2\/pages\/272\/revisions\/5632"}],"up":[{"embeddable":true,"href":"https:\/\/www.newcag.be\/fr\/wp-json\/wp\/v2\/pages\/14"}],"wp:featuredmedia":[{"embeddable":true,"href":"https:\/\/www.newcag.be\/fr\/wp-json\/wp\/v2\/media\/658"}],"wp:attachment":[{"href":"https:\/\/www.newcag.be\/fr\/wp-json\/wp\/v2\/media?parent=272"}],"curies":[{"name":"wp","href":"https:\/\/api.w.org\/{rel}","templated":true}]}}