{"id":21,"date":"2015-09-14T15:04:02","date_gmt":"2015-09-14T14:04:02","guid":{"rendered":"http:\/\/newcag.be\/fr\/?page_id=21"},"modified":"2023-10-03T11:19:08","modified_gmt":"2023-10-03T09:19:08","slug":"equipe","status":"publish","type":"page","link":"https:\/\/www.newcag.be\/fr\/ecole-daviation\/equipe\/","title":{"rendered":"Equipe"},"content":{"rendered":"<p>Notre \u00e9quipe est constitu\u00e9e d&rsquo;instructeurs passionn\u00e9s et exp\u00e9riment\u00e9s. Nous comptons 23 instructeurs de vol \u00e0 Charleroi, Anvers\u00a0et Saint-Hubert qui sont d\u00e9vou\u00e9s pour transmettre leurs connaissances et former les futurs pilotes.<\/p>\n<p>Nos 12 instructeurs au sol sont des chevronn\u00e9s de l&rsquo;aviation, poss\u00e9dant une grande exp\u00e9rience dans le domaine. Ils sont disponibles pour les \u00e9l\u00e8ves.<\/p>\n<h3><span style=\"text-decoration: underline; color: #b10125;\"><em><strong>Instructeurs vol\u00a0:<\/strong><\/em><\/span><\/h3>\n<p><span style=\"color: #b10125;\"><strong>A Charleroi\u00a0:<\/strong><\/span><\/p>\n<table style=\"height: 731px;\" width=\"790\">\n<tbody>\n<tr>\n<td width=\"147\">Quinten Ampe<\/p>\n<p>Berdj Anastassian<\/p>\n<p>Pieter Antonissens<\/p>\n<p>Tony Ari\u00ebn<\/p>\n<p>Georges Belot<\/p>\n<p>Pierre Bastin<\/p>\n<p>Serge Beulen<\/p>\n<p>Benjamin Buysschaert<\/p>\n<p>Bastien Charlier<\/p>\n<p>Didier Claisse<\/p>\n<p>Fran\u00e7ois Cloet<\/td>\n<td width=\"149\">Arnaud Cr\u00e9mer<\/p>\n<p>S\u00e9bastien D&rsquo;Harcour<\/p>\n<p>Sean Daoust<\/p>\n<p>Rudy Debaise<\/p>\n<p>Luc Deijgers<\/p>\n<p>Marc Delforge<\/p>\n<p>Joffrey Dellis<\/p>\n<p>Steve Deschryver<\/p>\n<p>Giorgio Fortunato<\/p>\n<p>Alain Grenier<\/p>\n<p>Fran\u00e7ois Gueydon de Dives<\/td>\n<td width=\"168\">Luc Halleux<\/p>\n<p>St\u00e9phane Hubert<\/p>\n<p>Dean Jahic<\/p>\n<p>M\u00e9d\u00e9ric Kaisin<\/p>\n<p>Olivier Kollar<\/p>\n<p>Philippe Lemmens<\/p>\n<p>Jean-Michel Legrand<\/p>\n<p>Bart Lismont<\/p>\n<p>Maxime Martiny<\/p>\n<p>Lynn Nijsten<\/p>\n<p>Michel Penninck<\/td>\n<td width=\"168\">Denis Petitfr\u00e8re<\/p>\n<p>Alexandre Pilette<\/p>\n<p>Niels Spruyt<\/p>\n<p>Benoit Vanhoutte<\/p>\n<p>Laurent Mathurin<\/p>\n<p>Lieven Van Belle<\/p>\n<p>Rodolphe Vanbellingen<\/p>\n<p>Fr\u00e9d\u00e9ric Vermaut<\/p>\n<p>Kevin Warszawski<\/p>\n<p>Thierry Wiame<\/p>\n<p>Hugo de Halleux<\/td>\n<\/tr>\n<\/tbody>\n<\/table>\n<table width=\"289\">\n<tbody>\n<tr>\n<td width=\"147\"><span style=\"color: #b10125;\"><strong>A Saint-Hubert\u00a0:<\/strong><\/span><\/p>\n<p>Quentin Tendyck<\/p>\n<p>Tom Authelet<\/td>\n<\/tr>\n<\/tbody>\n<\/table>\n<h3><span style=\"text-decoration: underline; color: #b10125;\"><strong><em>Instructeurs sol :<\/em><\/strong><\/span><\/h3>\n<table>\n<tbody>\n<tr>\n<td width=\"168\">\n<table>\n<tbody>\n<tr>\n<td width=\"168\">Xavier Deschamps<\/p>\n<p>Kevin Parizel<\/p>\n<p>Alain Grenier<\/p>\n<p>Jean Breuls de Tiecken<\/p>\n<p>H\u00e9lo\u00efse Carnoy<\/td>\n<\/tr>\n<\/tbody>\n<\/table>\n<\/td>\n<td width=\"149\">Herv\u00e9 Franssens<\/p>\n<p>Guillaume Dohet<\/p>\n<p>Jamie Charneux<\/p>\n<p>Angelo Lovato<\/p>\n<p>Quentin Tendyck<\/td>\n<td width=\"143\">Marc-Andr\u00e9 Polet<\/p>\n<p>Georges Debreux<\/p>\n<p>Alain De Coster<\/p>\n<p>Christophe Bouchez<\/p>\n<p>Yves Meelbergs<\/td>\n<\/tr>\n<\/tbody>\n<\/table>\n<h3><span style=\"text-decoration: underline; color: #b10125;\"><em><strong>Equipe administrative:<\/strong><\/em><\/span><span style=\"color: #b10125;\"><em><strong>\u00a0<\/strong><\/em><\/span><\/h3>\n<p>Denis Petitfr\u00e8re : Accountable Manager<\/p>\n<p>Laurent Mathurin : Head of Training<\/p>\n<p>Alain Grenier : Chief Flight Instructor<\/p>\n<p>Kevin Parizel : Chief Theoretical Knowledge Instructor<\/p>\n<p>Sebastien Delaunoy : Safety Manager<\/p>\n<p>Christophe Bouchez : Compliance Monitoring Manager<\/p>\n<p>Delphine Dardenne : Administration officer<\/p>\n<p>Arnaud Libeau : Administration officer<\/p>\n<p>David Polfliet : Accountant officer<\/p>\n","protected":false},"excerpt":{"rendered":"<p>Notre \u00e9quipe est constitu\u00e9e d&rsquo;instructeurs passionn\u00e9s et exp\u00e9riment\u00e9s. Nous comptons 23 instructeurs de vol \u00e0 Charleroi, Anvers\u00a0et Saint-Hubert qui sont d\u00e9vou\u00e9s pour transmettre leurs connaissances et former les futurs pilotes. Nos 12 instructeurs au sol sont des chevronn\u00e9s de l&rsquo;aviation, poss\u00e9dant une grande exp\u00e9rience dans le domaine. Ils sont disponibles pour les \u00e9l\u00e8ves. Instructeurs vol\u00a0: &hellip;<\/p>\n","protected":false},"author":1,"featured_media":0,"parent":14,"menu_order":80,"comment_status":"closed","ping_status":"closed","template":"","meta":{"footnotes":""},"class_list":["post-21","page","type-page","status-publish","hentry"],"yoast_head":"<!-- This site is optimized with the Yoast SEO plugin v15.2 - https:\/\/yoast.com\/wordpress\/plugins\/seo\/ -->\n<meta name=\"robots\" content=\"index, follow, max-snippet:-1, max-image-preview:large, max-video-preview:-1\" \/>\n<link rel=\"canonical\" href=\"http:\/\/www.newcag.be\/fr\/ecole-daviation\/equipe\/\" \/>\n<meta property=\"og:locale\" content=\"fr_FR\" \/>\n<meta property=\"og:type\" content=\"article\" \/>\n<meta property=\"og:title\" content=\"Equipe - Air Academy New CAG\" \/>\n<meta property=\"og:description\" content=\"Notre \u00e9quipe est constitu\u00e9e d&rsquo;instructeurs passionn\u00e9s et exp\u00e9riment\u00e9s. Nous comptons 23 instructeurs de vol \u00e0 Charleroi, Anvers\u00a0et Saint-Hubert qui sont d\u00e9vou\u00e9s pour transmettre leurs connaissances et former les futurs pilotes. Nos 12 instructeurs au sol sont des chevronn\u00e9s de l&rsquo;aviation, poss\u00e9dant une grande exp\u00e9rience dans le domaine. Ils sont disponibles pour les \u00e9l\u00e8ves. Instructeurs vol\u00a0: &hellip;\" \/>\n<meta property=\"og:url\" content=\"http:\/\/www.newcag.be\/fr\/ecole-daviation\/equipe\/\" \/>\n<meta property=\"og:site_name\" content=\"Air Academy New CAG\" \/>\n<meta property=\"article:publisher\" content=\"http:\/\/www.facebook.com\/AirAcademyNewCag\" \/>\n<meta property=\"article:modified_time\" content=\"2023-10-03T09:19:08+00:00\" \/>\n<meta name=\"twitter:card\" content=\"summary\" \/>\n<meta name=\"twitter:creator\" content=\"@AA_NCAG\" \/>\n<meta name=\"twitter:site\" content=\"@AA_NCAG\" \/>\n<meta name=\"twitter:label1\" value=\"\u00c9crit par\">\n\t<meta name=\"twitter:data1\" value=\"Gilles\">\n\t<meta name=\"twitter:label2\" value=\"Dur\u00e9e de lecture est.\">\n\t<meta name=\"twitter:data2\" value=\"1 minute\">\n<script type=\"application\/ld+json\" class=\"yoast-schema-graph\">{\"@context\":\"https:\/\/schema.org\",\"@graph\":[{\"@type\":\"Organization\",\"@id\":\"http:\/\/www.newcag.be\/fr\/#organization\",\"name\":\"Air Academy New CAG\",\"url\":\"http:\/\/www.newcag.be\/fr\/\",\"sameAs\":[\"http:\/\/www.facebook.com\/AirAcademyNewCag\",\"http:\/\/www.linkedin.com\/company\/air-academy-new-cag\",\"https:\/\/twitter.com\/AA_NCAG\"],\"logo\":{\"@type\":\"ImageObject\",\"@id\":\"http:\/\/www.newcag.be\/fr\/#logo\",\"inLanguage\":\"fr-FR\",\"url\":\"https:\/\/www.newcag.be\/wp-content\/uploads\/2018\/12\/CAG-signature.png\",\"width\":820,\"height\":230,\"caption\":\"Air Academy New CAG\"},\"image\":{\"@id\":\"http:\/\/www.newcag.be\/fr\/#logo\"}},{\"@type\":\"WebSite\",\"@id\":\"http:\/\/www.newcag.be\/fr\/#website\",\"url\":\"http:\/\/www.newcag.be\/fr\/\",\"name\":\"Air Academy New CAG\",\"description\":\"BE-ATO\/005\",\"publisher\":{\"@id\":\"http:\/\/www.newcag.be\/fr\/#organization\"},\"potentialAction\":[{\"@type\":\"SearchAction\",\"target\":\"http:\/\/www.newcag.be\/fr\/?s={search_term_string}\",\"query-input\":\"required name=search_term_string\"}],\"inLanguage\":\"fr-FR\"},{\"@type\":\"WebPage\",\"@id\":\"http:\/\/www.newcag.be\/fr\/ecole-daviation\/equipe\/#webpage\",\"url\":\"http:\/\/www.newcag.be\/fr\/ecole-daviation\/equipe\/\",\"name\":\"Equipe - Air Academy New CAG\",\"isPartOf\":{\"@id\":\"http:\/\/www.newcag.be\/fr\/#website\"},\"datePublished\":\"2015-09-14T14:04:02+00:00\",\"dateModified\":\"2023-10-03T09:19:08+00:00\",\"inLanguage\":\"fr-FR\",\"potentialAction\":[{\"@type\":\"ReadAction\",\"target\":[\"http:\/\/www.newcag.be\/fr\/ecole-daviation\/equipe\/\"]}]}]}<\/script>\n<!-- \/ Yoast SEO plugin. -->","_links":{"self":[{"href":"https:\/\/www.newcag.be\/fr\/wp-json\/wp\/v2\/pages\/21","targetHints":{"allow":["GET"]}}],"collection":[{"href":"https:\/\/www.newcag.be\/fr\/wp-json\/wp\/v2\/pages"}],"about":[{"href":"https:\/\/www.newcag.be\/fr\/wp-json\/wp\/v2\/types\/page"}],"author":[{"embeddable":true,"href":"https:\/\/www.newcag.be\/fr\/wp-json\/wp\/v2\/users\/1"}],"replies":[{"embeddable":true,"href":"https:\/\/www.newcag.be\/fr\/wp-json\/wp\/v2\/comments?post=21"}],"version-history":[{"count":44,"href":"https:\/\/www.newcag.be\/fr\/wp-json\/wp\/v2\/pages\/21\/revisions"}],"predecessor-version":[{"id":5642,"href":"https:\/\/www.newcag.be\/fr\/wp-json\/wp\/v2\/pages\/21\/revisions\/5642"}],"up":[{"embeddable":true,"href":"https:\/\/www.newcag.be\/fr\/wp-json\/wp\/v2\/pages\/14"}],"wp:attachment":[{"href":"https:\/\/www.newcag.be\/fr\/wp-json\/wp\/v2\/media?parent=21"}],"curies":[{"name":"wp","href":"https:\/\/api.w.org\/{rel}","templated":true}]}}