{"id":18,"date":"2015-09-14T15:03:50","date_gmt":"2015-09-14T14:03:50","guid":{"rendered":"http:\/\/newcag.be\/fr\/?page_id=18"},"modified":"2019-06-08T10:39:58","modified_gmt":"2019-06-08T08:39:58","slug":"historique","status":"publish","type":"page","link":"https:\/\/www.newcag.be\/fr\/ecole-daviation\/historique\/","title":{"rendered":"Pr\u00e9sentation"},"content":{"rendered":"<p>Air Academy New CAG est une \u00e9cole d&rsquo;aviation fond\u00e9e en 1976 par Monsieur Berty Graux et approuv\u00e9e ATO (Approved Training Organization), selon les normes europ\u00e9ennes PART-ARO et PART-FCL en ce qui concerne la formation de pilotes de tous niveaux.<\/p>\n<p>Les programmes de formation organis\u00e9s par Air Academy New CAG sont connus pour leur grande efficacit\u00e9. Nos installations modernes, nos \u00e9quipements r\u00e9cents, notre importante flotte d&rsquo;avions particuli\u00e8rement bien \u00e9quip\u00e9s et entretenus, ainsi que nos instructeurs nous permettent de mettre \u00e0 la disposition de nos \u00e9l\u00e8ves un outil d&rsquo;entra\u00eenement particuli\u00e8rement performant. Notre exp\u00e9rience en formation de pilotes est une des meilleures en Belgique et notre taux de r\u00e9ussite aux examens officiels de l&rsquo;Administration est exceptionnellement \u00e9lev\u00e9 depuis de nombreuses ann\u00e9es.<\/p>\n<p>Pour vous y pr\u00e9parer, Air Academy New CAG vous propose un programme complet de cours th\u00e9oriques et pratiques \u00e9labor\u00e9s et con\u00e7us d&rsquo;apr\u00e8s l&rsquo;exp\u00e9rience acquise par nos instructeurs dans l&rsquo;art du pilotage des avions, allant du monomoteur le plus simple jusqu&rsquo;au bimoteur le plus complexe.<\/p>\n<p>Air Academy New CAG a form\u00e9 plusieurs centaines de pilotes priv\u00e9s et professionnels actuellement employ\u00e9s dans des compagnies a\u00e9riennes du monde entier.<\/p>\n<p><strong><span style=\"color: #b10125;\">Historique\u00a0<\/span><\/strong><\/p>\n<p>Air Academy New CAG est fond\u00e9 en 1976 sur l&rsquo;a\u00e9roport de Charleroi Bruxelles Sud (Gosselies)<\/p>\n<p>En 2000, il obtient l&rsquo;agr\u00e9ment JAA de FTO (Flight Training Organisation) r\u00e9serv\u00e9 aux centres de formations professionnels<\/p>\n<p>En 2013, avec le passage \u00e0 la r\u00e8glementation EASA, il obtient l&rsquo;agr\u00e9ment BE\/ATO-005 et \u00e9tend ses activit\u00e9s \u00e0 Saint-Hubert en int\u00e9grant Airlib, une \u00e9cole proposant la formation de pilote priv\u00e9 avion ainsi que sa flotte.<\/p>\n<p>En 2014, il int\u00e8gre dans sa flotte deux Diamond DA40 et positionne un Cessna 152 \u00e0 Saint-Hubert pour porter la flotte locale \u00e0 4 avions.<\/p>\n<p>En 2015, Air Academy New CAG d\u00e9bute un programme ambitieux de renouvellement de sa flotte. L&rsquo;acquisition d&rsquo;un nouveau simulateur Alsim AL42 pour la formation au vol aux instruments et le remplacement de ses Cessna 182 par des avions Diamond DA42 marquent le d\u00e9but d&rsquo;une nouvelle \u00e8re. L&rsquo;ensemble de la formation de pilote IFR et CPL se d\u00e9roule dor\u00e9navant principalement sur avion bi-moteur Diamond DA42.<\/p>\n<p>En 2016, Air Academy New CAG signe l&rsquo;acquisition de 8 avions Sonaca 200 aupr\u00e8s du constructeur belge Sonaca Aircraft.<\/p>\n<p>En 2017, Air Academy New CAG retire du service ses derniers avions biplaces Cessna. Air Academy New CAG augmente \u00e9galement sa flotte d&rsquo;avion Diamond DA40 par l&rsquo;ajout d&rsquo;un troisi\u00e8me a\u00e9ronef.<\/p>\n<p>En 2018, un avion Diamond DA40 G1000 IFR rejoint la flotte afin de r\u00e9pondre \u00e0 la demande de formations au vol aux instruments sur avion monomoteur pour pilote priv\u00e9.<\/p>\n<p>En 2019, les deux premiers Sonaca 200 entrent en service et rencontrent tr\u00e8s rapidement un r\u00e9el engouement aupr\u00e8s des \u00e9l\u00e8ves et des instructeurs.<\/p>\n<p><span style=\"color: #b10125;\"><strong>Situation<\/strong><\/span><\/p>\n<p><img loading=\"lazy\" decoding=\"async\" class=\"wp-image-4990 alignright\" src=\"http:\/\/www.newcag.be\/wp-content\/uploads\/2015\/09\/carte-CAG-1.png\" alt=\"carte-cag-1\" width=\"307\" height=\"307\" srcset=\"https:\/\/www.newcag.be\/wp-content\/uploads\/2015\/09\/carte-CAG-1.png 1245w, https:\/\/www.newcag.be\/wp-content\/uploads\/2015\/09\/carte-CAG-1-150x150.png 150w, https:\/\/www.newcag.be\/wp-content\/uploads\/2015\/09\/carte-CAG-1-300x300.png 300w, https:\/\/www.newcag.be\/wp-content\/uploads\/2015\/09\/carte-CAG-1-768x768.png 768w, https:\/\/www.newcag.be\/wp-content\/uploads\/2015\/09\/carte-CAG-1-1024x1024.png 1024w, https:\/\/www.newcag.be\/wp-content\/uploads\/2015\/09\/carte-CAG-1-198x198.png 198w, https:\/\/www.newcag.be\/wp-content\/uploads\/2015\/09\/carte-CAG-1-345x345.png 345w, https:\/\/www.newcag.be\/wp-content\/uploads\/2015\/09\/carte-CAG-1-16x16.png 16w\" sizes=\"auto, (max-width: 307px) 100vw, 307px\" \/>Air Academy New CAG exerce ses activit\u00e9s sur l&rsquo;a\u00e9roport international de Charleroi Bruxelles Sud et sur l\u2019a\u00e9rodrome de Saint-Hubert.<\/p>\n<p>Ceci permet de b\u00e9n\u00e9ficier d&rsquo;une infrastructure a\u00e9roportuaire de 1\u00e8re\u00a0classe, d&rsquo;un contr\u00f4le a\u00e9rien de qualit\u00e9, de services m\u00e9t\u00e9orologiques et de possibilit\u00e9s douani\u00e8res.<strong><br \/>\n<\/strong><\/p>\n<p>L&rsquo;\u00e9l\u00e8ve y est de plus amen\u00e9 \u00e0 s&rsquo;int\u00e9grer dans le trafic d&rsquo;un grand a\u00e9roport international, ce qui constitue un acquis d&rsquo;exp\u00e9rience inestimable.<\/p>\n<p>L&rsquo;a\u00e9roport est tr\u00e8s facile d&rsquo;acc\u00e8s, au c\u0153ur d&rsquo;un n\u0153ud autoroutier le reliant aux principales villes du pays. Le cadre y est parfait pour l&rsquo;aviation g\u00e9n\u00e9rale et plus particuli\u00e8rement pour l&rsquo;\u00e9colage.<\/p>\n","protected":false},"excerpt":{"rendered":"<p>Air Academy New CAG est une \u00e9cole d&rsquo;aviation fond\u00e9e en 1976 par Monsieur Berty Graux et approuv\u00e9e ATO (Approved Training Organization), selon les normes europ\u00e9ennes PART-ARO et PART-FCL en ce qui concerne la formation de pilotes de tous niveaux. Les programmes de formation organis\u00e9s par Air Academy New CAG sont connus pour leur grande efficacit\u00e9. &hellip;<\/p>\n","protected":false},"author":1,"featured_media":0,"parent":14,"menu_order":77,"comment_status":"closed","ping_status":"closed","template":"","meta":{"footnotes":""},"class_list":["post-18","page","type-page","status-publish","hentry"],"yoast_head":"<!-- This site is optimized with the Yoast SEO plugin v15.2 - https:\/\/yoast.com\/wordpress\/plugins\/seo\/ -->\n<meta name=\"robots\" content=\"index, follow, max-snippet:-1, max-image-preview:large, max-video-preview:-1\" \/>\n<link rel=\"canonical\" href=\"http:\/\/www.newcag.be\/fr\/ecole-daviation\/historique\/\" \/>\n<meta property=\"og:locale\" content=\"fr_FR\" \/>\n<meta property=\"og:type\" content=\"article\" \/>\n<meta property=\"og:title\" content=\"Pr\u00e9sentation - Air Academy New CAG\" \/>\n<meta property=\"og:description\" content=\"Air Academy New CAG est une \u00e9cole d&rsquo;aviation fond\u00e9e en 1976 par Monsieur Berty Graux et approuv\u00e9e ATO (Approved Training Organization), selon les normes europ\u00e9ennes PART-ARO et PART-FCL en ce qui concerne la formation de pilotes de tous niveaux. Les programmes de formation organis\u00e9s par Air Academy New CAG sont connus pour leur grande efficacit\u00e9. &hellip;\" \/>\n<meta property=\"og:url\" content=\"http:\/\/www.newcag.be\/fr\/ecole-daviation\/historique\/\" \/>\n<meta property=\"og:site_name\" content=\"Air Academy New CAG\" \/>\n<meta property=\"article:publisher\" content=\"http:\/\/www.facebook.com\/AirAcademyNewCag\" \/>\n<meta property=\"article:modified_time\" content=\"2019-06-08T08:39:58+00:00\" \/>\n<meta property=\"og:image\" content=\"http:\/\/www.newcag.be\/wp-content\/uploads\/2015\/09\/carte-CAG-1.png\" \/>\n<meta name=\"twitter:card\" content=\"summary\" \/>\n<meta name=\"twitter:creator\" content=\"@AA_NCAG\" \/>\n<meta name=\"twitter:site\" content=\"@AA_NCAG\" \/>\n<meta name=\"twitter:label1\" value=\"\u00c9crit par\">\n\t<meta name=\"twitter:data1\" value=\"Gilles\">\n\t<meta name=\"twitter:label2\" value=\"Dur\u00e9e de lecture est.\">\n\t<meta name=\"twitter:data2\" value=\"2 minutes\">\n<script type=\"application\/ld+json\" class=\"yoast-schema-graph\">{\"@context\":\"https:\/\/schema.org\",\"@graph\":[{\"@type\":\"Organization\",\"@id\":\"http:\/\/www.newcag.be\/fr\/#organization\",\"name\":\"Air Academy New CAG\",\"url\":\"http:\/\/www.newcag.be\/fr\/\",\"sameAs\":[\"http:\/\/www.facebook.com\/AirAcademyNewCag\",\"http:\/\/www.linkedin.com\/company\/air-academy-new-cag\",\"https:\/\/twitter.com\/AA_NCAG\"],\"logo\":{\"@type\":\"ImageObject\",\"@id\":\"http:\/\/www.newcag.be\/fr\/#logo\",\"inLanguage\":\"fr-FR\",\"url\":\"https:\/\/www.newcag.be\/wp-content\/uploads\/2018\/12\/CAG-signature.png\",\"width\":820,\"height\":230,\"caption\":\"Air Academy New CAG\"},\"image\":{\"@id\":\"http:\/\/www.newcag.be\/fr\/#logo\"}},{\"@type\":\"WebSite\",\"@id\":\"http:\/\/www.newcag.be\/fr\/#website\",\"url\":\"http:\/\/www.newcag.be\/fr\/\",\"name\":\"Air Academy New CAG\",\"description\":\"BE-ATO\/005\",\"publisher\":{\"@id\":\"http:\/\/www.newcag.be\/fr\/#organization\"},\"potentialAction\":[{\"@type\":\"SearchAction\",\"target\":\"http:\/\/www.newcag.be\/fr\/?s={search_term_string}\",\"query-input\":\"required name=search_term_string\"}],\"inLanguage\":\"fr-FR\"},{\"@type\":\"ImageObject\",\"@id\":\"http:\/\/www.newcag.be\/fr\/ecole-daviation\/historique\/#primaryimage\",\"inLanguage\":\"fr-FR\",\"url\":\"http:\/\/www.newcag.be\/wp-content\/uploads\/2015\/09\/carte-CAG-1.png\"},{\"@type\":\"WebPage\",\"@id\":\"http:\/\/www.newcag.be\/fr\/ecole-daviation\/historique\/#webpage\",\"url\":\"http:\/\/www.newcag.be\/fr\/ecole-daviation\/historique\/\",\"name\":\"Pr\\u00e9sentation - Air Academy New CAG\",\"isPartOf\":{\"@id\":\"http:\/\/www.newcag.be\/fr\/#website\"},\"primaryImageOfPage\":{\"@id\":\"http:\/\/www.newcag.be\/fr\/ecole-daviation\/historique\/#primaryimage\"},\"datePublished\":\"2015-09-14T14:03:50+00:00\",\"dateModified\":\"2019-06-08T08:39:58+00:00\",\"inLanguage\":\"fr-FR\",\"potentialAction\":[{\"@type\":\"ReadAction\",\"target\":[\"http:\/\/www.newcag.be\/fr\/ecole-daviation\/historique\/\"]}]}]}<\/script>\n<!-- \/ Yoast SEO plugin. -->","_links":{"self":[{"href":"https:\/\/www.newcag.be\/fr\/wp-json\/wp\/v2\/pages\/18","targetHints":{"allow":["GET"]}}],"collection":[{"href":"https:\/\/www.newcag.be\/fr\/wp-json\/wp\/v2\/pages"}],"about":[{"href":"https:\/\/www.newcag.be\/fr\/wp-json\/wp\/v2\/types\/page"}],"author":[{"embeddable":true,"href":"https:\/\/www.newcag.be\/fr\/wp-json\/wp\/v2\/users\/1"}],"replies":[{"embeddable":true,"href":"https:\/\/www.newcag.be\/fr\/wp-json\/wp\/v2\/comments?post=18"}],"version-history":[{"count":13,"href":"https:\/\/www.newcag.be\/fr\/wp-json\/wp\/v2\/pages\/18\/revisions"}],"predecessor-version":[{"id":5381,"href":"https:\/\/www.newcag.be\/fr\/wp-json\/wp\/v2\/pages\/18\/revisions\/5381"}],"up":[{"embeddable":true,"href":"https:\/\/www.newcag.be\/fr\/wp-json\/wp\/v2\/pages\/14"}],"wp:attachment":[{"href":"https:\/\/www.newcag.be\/fr\/wp-json\/wp\/v2\/media?parent=18"}],"curies":[{"name":"wp","href":"https:\/\/api.w.org\/{rel}","templated":true}]}}