{"id":25,"date":"2015-09-14T15:05:07","date_gmt":"2015-09-14T14:05:07","guid":{"rendered":"http:\/\/newcag.be\/fr\/?page_id=25"},"modified":"2016-09-13T17:18:58","modified_gmt":"2016-09-13T15:18:58","slug":"devenir-pilote-de-ligne","status":"publish","type":"page","link":"http:\/\/www.newcag.be\/fr\/pilote-de-ligne\/devenir-pilote-de-ligne\/","title":{"rendered":"Devenir pilote de ligne"},"content":{"rendered":"<p>Vous souhaitez vous lancer dans une carri\u00e8re de pilote de ligne ? Venez suivre avec nous votre formation et poussez les portes des airlines.<\/p>\n<p>Air Academy New CAG\u00a0a opt\u00e9 pour une formation de type modulaire.<\/p>\n<p>Les principaux avantages d&rsquo;une formation de type modulaire sont:<\/p>\n<ul>\n<li>Un meilleur contr\u00f4le de vos d\u00e9penses<\/li>\n<li>Une progression \u00e0 votre propre rythme<\/li>\n<li>La possibilit\u00e9 d&rsquo;\u00e9taler votre formation dans le temps en suspendant \u00e9ventuellement celle-ci entre deux modules ou d&rsquo;acc\u00e9l\u00e9rer en fonction de vos disponibilit\u00e9s<\/li>\n<li>Chaque module donne acc\u00e8s \u00e0 une licence ou une qualification effective<\/li>\n<\/ul>\n<p>Au terme de votre cursus :<\/p>\n<ul>\n<li>Vous pouvez exercer les privil\u00e8ges d&rsquo;une licence de Pilote Professionnel (CPL)<\/li>\n<li>Vous d\u00e9tenez les qualifications pour :\n<ul>\n<li>Effectuer des vols en avion monomoteur (SEP)\u00a0et bimoteur \u00e0 piston (MEP)<\/li>\n<li>Effectuer des vols en condition de vol \u00e0 vue (VFR) et en condition de vol aux instruments (IFR)<\/li>\n<\/ul>\n<\/li>\n<li>Vous poss\u00e9dez\u00a0une attestation de fr\u00e9quentation d&rsquo;un cours Multi-Crew Cooperation (MCC)<\/li>\n<\/ul>\n<p>&nbsp;<\/p>\n<p>Il y a 8 modules organis\u00e9s de fa\u00e7on optimale afin de vous permettre de suivre la formation dans les meilleures conditions et pour un co\u00fbt raisonnable.<\/p>\n<p>Ces diff\u00e9rentes modules sont :<\/p>\n<ul>\n<li><a href=\"http:\/\/www.newcag.be\/fr\/pilote-de-ligne\/formation-de-pilote-de-ligne\/la-formation-en-details\/module-1-obtenir-licence-de-pilote-prive-ppla\/\">Module 1 : Obtenir une licence de Pilote Priv\u00e9 &#8211; PPL(A)<\/a><\/li>\n<li><a href=\"http:\/\/www.newcag.be\/fr\/pilote-de-ligne\/formation-de-pilote-de-ligne\/la-formation-en-details\/module-2-suivre-cours-theorique-pilote-de-ligne-atpl\/\">Module 2 : Suivre le cours th\u00e9orique Pilote de Ligne (ATPL) en salle ou par correspondance et r\u00e9ussir les examens<\/a><\/li>\n<li><a href=\"http:\/\/www.newcag.be\/fr\/pilote-de-ligne\/formation-de-pilote-de-ligne\/la-formation-en-details\/module-3-acquerir-lexperience-minimum\/\">Module 3 : Acqu\u00e9rir l&rsquo;exp\u00e9rience minimum requise pour les modules suivants<\/a><\/li>\n<li><a href=\"http:\/\/www.newcag.be\/fr\/pilote-de-ligne\/formation-de-pilote-de-ligne\/la-formation-en-details\/module-4-obtenir-qualification-vol-de-nuit-nvfr\/\">Module\u00a04 : Obtenir votre qualification vol de nuit &#8211; NVFR<\/a><\/li>\n<li><a href=\"http:\/\/www.newcag.be\/fr\/pilote-de-ligne\/formation-de-pilote-de-ligne\/la-formation-en-details\/module-5-obtenir-qualification-de-vol-avion-multi-moteur-mep\/\">Module\u00a05 : Obtenir votre qualification de vol sur avion multi-moteur (MEP)<\/a><\/li>\n<li><a href=\"http:\/\/www.newcag.be\/fr\/pilote-de-ligne\/formation-de-pilote-de-ligne\/la-formation-en-details\/module-6-obtenir-qualification-de-vol-aux-instruments-ir-mea\/\">Module 6 : Obtenir votre qualification de vol aux instruments &#8211; IR-ME(A)<\/a><\/li>\n<li><a href=\"http:\/\/www.newcag.be\/fr\/pilote-de-ligne\/formation-de-pilote-de-ligne\/la-formation-en-details\/module-7-obtenir-licence-de-pilote-professionnel-cpla\/\">Module 7 : Obtenir votre licence de pilote professionnel &#8211; CPL(A)<\/a><\/li>\n<li><a href=\"http:\/\/www.newcag.be\/fr\/pilote-de-ligne\/formation-de-pilote-de-ligne\/la-formation-en-details\/module-8-obtenir-certificat-de-vol-equipage-multi-pilote-mcc\/\">Module\u00a08 : Obtenir votre certificat de vol en \u00e9quipage multi-pilote \u2013 MCC<\/a><\/li>\n<\/ul>\n<p>&nbsp;<\/p>\n<p>&nbsp;<\/p>\n<p><!-- \/* 15pJQhrPh3XJCUOiaQCa62html *\/ --><!-- mOHJXNziTA --><!-- \/* 1uqjsQSyWVhmOHAEVa1i62html *\/ --><\/p>\n","protected":false},"excerpt":{"rendered":"<p>Vous souhaitez vous lancer dans une carri\u00e8re de pilote de ligne ? Venez suivre avec nous votre formation et poussez les portes des airlines. Air Academy New CAG\u00a0a opt\u00e9 pour une formation de type modulaire. Les principaux avantages d&rsquo;une formation de type modulaire sont: Un meilleur contr\u00f4le de vos d\u00e9penses Une progression \u00e0 votre propre &hellip;<\/p>\n","protected":false},"author":1,"featured_media":252,"parent":23,"menu_order":43,"comment_status":"closed","ping_status":"closed","template":"","meta":{"footnotes":""},"class_list":["post-25","page","type-page","status-publish","has-post-thumbnail","hentry"],"yoast_head":"<!-- This site is optimized with the Yoast SEO plugin v15.2 - https:\/\/yoast.com\/wordpress\/plugins\/seo\/ -->\n<meta name=\"robots\" content=\"index, follow, max-snippet:-1, max-image-preview:large, max-video-preview:-1\" \/>\n<link rel=\"canonical\" href=\"https:\/\/www.newcag.be\/fr\/pilote-de-ligne\/devenir-pilote-de-ligne\/\" \/>\n<meta property=\"og:locale\" content=\"fr_FR\" \/>\n<meta property=\"og:type\" content=\"article\" \/>\n<meta property=\"og:title\" content=\"Devenir pilote de ligne - Air Academy New CAG\" \/>\n<meta property=\"og:description\" content=\"Vous souhaitez vous lancer dans une carri\u00e8re de pilote de ligne ? Venez suivre avec nous votre formation et poussez les portes des airlines. Air Academy New CAG\u00a0a opt\u00e9 pour une formation de type modulaire. Les principaux avantages d&rsquo;une formation de type modulaire sont: Un meilleur contr\u00f4le de vos d\u00e9penses Une progression \u00e0 votre propre &hellip;\" \/>\n<meta property=\"og:url\" content=\"https:\/\/www.newcag.be\/fr\/pilote-de-ligne\/devenir-pilote-de-ligne\/\" \/>\n<meta property=\"og:site_name\" content=\"Air Academy New CAG\" \/>\n<meta property=\"article:publisher\" content=\"http:\/\/www.facebook.com\/AirAcademyNewCag\" \/>\n<meta property=\"article:modified_time\" content=\"2016-09-13T15:18:58+00:00\" \/>\n<meta property=\"og:image\" content=\"http:\/\/www.newcag.be\/wp-content\/uploads\/2015\/09\/aircraft-wallpapers-e1460097250121.jpg\" \/>\n\t<meta property=\"og:image:width\" content=\"1200\" \/>\n\t<meta property=\"og:image:height\" content=\"675\" \/>\n<meta name=\"twitter:card\" content=\"summary\" \/>\n<meta name=\"twitter:creator\" content=\"@AA_NCAG\" \/>\n<meta name=\"twitter:site\" content=\"@AA_NCAG\" \/>\n<meta name=\"twitter:label1\" value=\"\u00c9crit par\">\n\t<meta name=\"twitter:data1\" value=\"Gilles\">\n\t<meta name=\"twitter:label2\" value=\"Dur\u00e9e de lecture est.\">\n\t<meta name=\"twitter:data2\" value=\"1 minute\">\n<script type=\"application\/ld+json\" class=\"yoast-schema-graph\">{\"@context\":\"https:\/\/schema.org\",\"@graph\":[{\"@type\":\"Organization\",\"@id\":\"http:\/\/www.newcag.be\/fr\/#organization\",\"name\":\"Air Academy New CAG\",\"url\":\"http:\/\/www.newcag.be\/fr\/\",\"sameAs\":[\"http:\/\/www.facebook.com\/AirAcademyNewCag\",\"http:\/\/www.linkedin.com\/company\/air-academy-new-cag\",\"https:\/\/twitter.com\/AA_NCAG\"],\"logo\":{\"@type\":\"ImageObject\",\"@id\":\"http:\/\/www.newcag.be\/fr\/#logo\",\"inLanguage\":\"fr-FR\",\"url\":\"http:\/\/www.newcag.be\/wp-content\/uploads\/2018\/12\/CAG-signature.png\",\"width\":820,\"height\":230,\"caption\":\"Air Academy New CAG\"},\"image\":{\"@id\":\"http:\/\/www.newcag.be\/fr\/#logo\"}},{\"@type\":\"WebSite\",\"@id\":\"http:\/\/www.newcag.be\/fr\/#website\",\"url\":\"http:\/\/www.newcag.be\/fr\/\",\"name\":\"Air Academy New CAG\",\"description\":\"BE-ATO\/005\",\"publisher\":{\"@id\":\"http:\/\/www.newcag.be\/fr\/#organization\"},\"potentialAction\":[{\"@type\":\"SearchAction\",\"target\":\"http:\/\/www.newcag.be\/fr\/?s={search_term_string}\",\"query-input\":\"required name=search_term_string\"}],\"inLanguage\":\"fr-FR\"},{\"@type\":\"ImageObject\",\"@id\":\"https:\/\/www.newcag.be\/fr\/pilote-de-ligne\/devenir-pilote-de-ligne\/#primaryimage\",\"inLanguage\":\"fr-FR\",\"url\":\"http:\/\/www.newcag.be\/wp-content\/uploads\/2015\/09\/aircraft-wallpapers-e1460097250121.jpg\",\"width\":1200,\"height\":675},{\"@type\":\"WebPage\",\"@id\":\"https:\/\/www.newcag.be\/fr\/pilote-de-ligne\/devenir-pilote-de-ligne\/#webpage\",\"url\":\"https:\/\/www.newcag.be\/fr\/pilote-de-ligne\/devenir-pilote-de-ligne\/\",\"name\":\"Devenir pilote de ligne - Air Academy New CAG\",\"isPartOf\":{\"@id\":\"http:\/\/www.newcag.be\/fr\/#website\"},\"primaryImageOfPage\":{\"@id\":\"https:\/\/www.newcag.be\/fr\/pilote-de-ligne\/devenir-pilote-de-ligne\/#primaryimage\"},\"datePublished\":\"2015-09-14T14:05:07+00:00\",\"dateModified\":\"2016-09-13T15:18:58+00:00\",\"inLanguage\":\"fr-FR\",\"potentialAction\":[{\"@type\":\"ReadAction\",\"target\":[\"https:\/\/www.newcag.be\/fr\/pilote-de-ligne\/devenir-pilote-de-ligne\/\"]}]}]}<\/script>\n<!-- \/ Yoast SEO plugin. -->","_links":{"self":[{"href":"http:\/\/www.newcag.be\/fr\/wp-json\/wp\/v2\/pages\/25","targetHints":{"allow":["GET"]}}],"collection":[{"href":"http:\/\/www.newcag.be\/fr\/wp-json\/wp\/v2\/pages"}],"about":[{"href":"http:\/\/www.newcag.be\/fr\/wp-json\/wp\/v2\/types\/page"}],"author":[{"embeddable":true,"href":"http:\/\/www.newcag.be\/fr\/wp-json\/wp\/v2\/users\/1"}],"replies":[{"embeddable":true,"href":"http:\/\/www.newcag.be\/fr\/wp-json\/wp\/v2\/comments?post=25"}],"version-history":[{"count":276,"href":"http:\/\/www.newcag.be\/fr\/wp-json\/wp\/v2\/pages\/25\/revisions"}],"predecessor-version":[{"id":4962,"href":"http:\/\/www.newcag.be\/fr\/wp-json\/wp\/v2\/pages\/25\/revisions\/4962"}],"up":[{"embeddable":true,"href":"http:\/\/www.newcag.be\/fr\/wp-json\/wp\/v2\/pages\/23"}],"wp:featuredmedia":[{"embeddable":true,"href":"http:\/\/www.newcag.be\/fr\/wp-json\/wp\/v2\/media\/252"}],"wp:attachment":[{"href":"http:\/\/www.newcag.be\/fr\/wp-json\/wp\/v2\/media?parent=25"}],"curies":[{"name":"wp","href":"https:\/\/api.w.org\/{rel}","templated":true}]}}